{"id":1299,"date":"2015-08-11T06:16:34","date_gmt":"2015-08-11T06:16:34","guid":{"rendered":"http:\/\/dentall.stylemixthemes.com\/demo\/?page_id=2"},"modified":"2025-11-09T23:10:23","modified_gmt":"2025-11-10T02:10:23","slug":"sample-page","status":"publish","type":"page","link":"https:\/\/www.clinicamaxxiodonto.com.br\/novo\/","title":{"rendered":"Home"},"content":{"rendered":"<div class=\"wpb-content-wrapper\"><p>[vc_row css=&#8221;.vc_custom_1439796249329{margin-bottom: 0px !important;}&#8221;][vc_column][rev_slider_vc alias=&#8221;main_slider&#8221;][\/vc_column][\/vc_row][vc_row el_class=&#8221;overflowed_content&#8221; css=&#8221;.vc_custom_1439880673570{margin-bottom: 0px !important;}&#8221;][vc_column width=&#8221;1\/3&#8243; css=&#8221;.vc_custom_1439878727322{margin-top: -100px !important;padding-right: 0px !important;}&#8221;][stm_icon_box icon=&#8221;stm-icon-dental-prosthesis&#8221; style=&#8221;icon_right&#8221; icon_size=&#8221;110&#8243; animation=&#8221;enable&#8221; draw=&#8221;enable&#8221; draw_width=&#8221;80&#8243; icon_width=&#8221;100&#8243; title=&#8221;Implantes&#8221; css=&#8221;.vc_custom_1619982427869{padding-top: 45px !important;padding-right: 40px !important;padding-bottom: 45px !important;padding-left: 40px !important;}&#8221; link=&#8221;url:https%3A%2F%2Fwww.clinicamaxxiodonto.com.br%2Fnovo%2Ftratamentos%2F|title:Tratamentos&#8221; el_class=&#8221;base_background_color mobile_adaptive&#8221;]<\/p>\n<p class=\"p1\"><span style=\"font-size: 10pt;\">Profissionais especializados e alta tecnologia em implantes dent\u00e1rios.<\/span><\/p>\n<p>[\/stm_icon_box][\/vc_column][vc_column width=&#8221;1\/3&#8243; css=&#8221;.vc_custom_1439878731029{margin-top: -100px !important;padding-right: 0px !important;padding-left: 0px !important;}&#8221;][stm_icon_box icon=&#8221;stm-icon-braces&#8221; style=&#8221;icon_right&#8221; icon_size=&#8221;110&#8243; animation=&#8221;enable&#8221; title=&#8221;Ortodontia&#8221; css=&#8221;.vc_custom_1619982438471{padding-top: 45px !important;padding-right: 40px !important;padding-bottom: 45px !important;padding-left: 40px !important;}&#8221; link=&#8221;url:https%3A%2F%2Fwww.clinicamaxxiodonto.com.br%2Fnovo%2Ftratamentos%2F|title:Tratamentos&#8221; el_class=&#8221;secondary_background_color mobile_adaptive&#8221;]<\/p>\n<p class=\"p1\"><span style=\"font-size: 10pt;\">Os melhores e mais modernos aparelhos e tratamentos ortod\u00f4nticos do mercado.<\/span><\/p>\n<p>[\/stm_icon_box][\/vc_column][vc_column width=&#8221;1\/3&#8243; css=&#8221;.vc_custom_1439878734259{margin-top: -100px !important;padding-left: 0px !important;}&#8221;][stm_icon_box title_font_weight=&#8221;750&#8243; icon=&#8221;stm-icon-tooth-3&#8243; style=&#8221;icon_right&#8221; icon_size=&#8221;110&#8243; animation=&#8221;enable&#8221; title=&#8221;Clareamento&#8221; css=&#8221;.vc_custom_1619982453773{padding-top: 45px !important;padding-right: 40px !important;padding-bottom: 45px !important;padding-left: 40px !important;background-color: #4c6575 !important;}&#8221; link=&#8221;url:https%3A%2F%2Fwww.clinicamaxxiodonto.com.br%2Fnovo%2Ftratamentos%2F|title:Tratamentos&#8221; el_class=&#8221;mobile_adaptive&#8221;]<\/p>\n<p class=\"p1\"><span style=\"font-size: 10pt;\">Clareamento dent\u00e1rio no consult\u00f3rio ou tratamento caseiro.<\/span><\/p>\n<p>[\/stm_icon_box][\/vc_column][\/vc_row][vc_row content_placement=&#8221;middle&#8221; css_animation=&#8221;fadeIn&#8221; el_class=&#8221;table_block&#8221; css=&#8221;.vc_custom_1619983974695{margin-bottom: 0px !important;}&#8221;][vc_column css=&#8221;.vc_custom_1443254508274{padding-top: 50px !important;padding-bottom: 50px !important;}&#8221;][vc_custom_heading text=&#8221;Maxxi Odonto&#8221; font_container=&#8221;tag:h2|text_align:left|color:%234c4c4c&#8221; use_theme_fonts=&#8221;yes&#8221; css_animation=&#8221;fadeIn&#8221; css=&#8221;.vc_custom_1620659876942{margin-bottom: 20px !important;}&#8221;][vc_column_text css_animation=&#8221;fadeIn&#8221; css=&#8221;&#8221;]<span style=\"font-size: 14pt; font-family: tahoma, arial, helvetica, sans-serif;\">Na Maxxi Odonto, oferecemos solu\u00e7\u00f5es odontol\u00f3gicas completas para atender todas as suas necessidades. Nossa equipe \u00e9 formada por profissionais experientes e altamente capacitados, que utilizam os melhores materiais e equipamentos do mercado para garantir tratamentos de excel\u00eancia. Estamos localizados no cora\u00e7\u00e3o de Novo Hamburgo, prontos para receber voc\u00ea com todo o cuidado e aten\u00e7\u00e3o que merece. Agende sua avalia\u00e7\u00e3o e descubra como podemos transformar seu sorriso!<\/span>[\/vc_column_text][\/vc_column][\/vc_row][vc_row css=&#8221;.vc_custom_1440049113495{margin-bottom: 70px !important;}&#8221;][vc_column css_animation=&#8221;fadeIn&#8221;][stm_testimonials count=&#8221;4&#8243; testimonials_to_show=&#8221;3&#8243; title=&#8221;Clientes Satisfeitos&#8221;][\/vc_column][\/vc_row][vc_row css=&#8221;.vc_custom_1440140332526{margin-bottom: 60px !important;}&#8221;][vc_column][vc_custom_heading text=&#8221;Fale com um especialista&#8221; font_container=&#8221;tag:h2|text_align:left|color:%234c4c4c&#8221; use_theme_fonts=&#8221;yes&#8221; css_animation=&#8221;fadeIn&#8221; css=&#8221;.vc_custom_1746649636986{margin-bottom: 40px !important;}&#8221; link=&#8221;url:https%3A%2F%2Fwa.me%2F555130365657%3Ftext%3DMENSAGEM|target:_blank&#8221;][vc_column_text css_animation=&#8221;fadeIn&#8221;]<\/p>\n<p style=\"text-align: left;\">Deixe seu nome e telefone que entraremos em contato<\/p>\n<p>[\/vc_column_text]<div class=\"wpforms-container wpforms-container-full\" id=\"wpforms-1737\"><form id=\"wpforms-form-1737\" class=\"wpforms-validate wpforms-form\" data-formid=\"1737\" method=\"post\" enctype=\"multipart\/form-data\" action=\"\/novo\/wp-json\/wp\/v2\/pages\/1299\" data-token=\"f56687116bbe0ed127599d210dd0ea88\"><noscript class=\"wpforms-error-noscript\">Ative o JavaScript no seu navegador para preencher este formul\u00e1rio.<\/noscript><div class=\"wpforms-field-container\"><div id=\"wpforms-1737-field_5-container\" class=\"wpforms-field wpforms-field-name\" data-field-id=\"5\"><label class=\"wpforms-field-label\" for=\"wpforms-1737-field_5\">Nome <span class=\"wpforms-required-label\">*<\/span><\/label><div class=\"wpforms-field-row wpforms-field-medium\"><div class=\"wpforms-field-row-block wpforms-first wpforms-one-half\"><input type=\"text\" id=\"wpforms-1737-field_5\" class=\"wpforms-field-name-first wpforms-field-required\" name=\"wpforms[fields][5][first]\" required><label for=\"wpforms-1737-field_5\" class=\"wpforms-field-sublabel after \">Nome<\/label><\/div><div class=\"wpforms-field-row-block wpforms-one-half\"><input type=\"text\" id=\"wpforms-1737-field_5-last\" class=\"wpforms-field-name-last wpforms-field-required\" name=\"wpforms[fields][5][last]\" required><label for=\"wpforms-1737-field_5-last\" class=\"wpforms-field-sublabel after \">Sobrenome<\/label><\/div><\/div><\/div><div id=\"wpforms-1737-field_2-container\" class=\"wpforms-field wpforms-field-email\" data-field-id=\"2\"><label class=\"wpforms-field-label\" for=\"wpforms-1737-field_2\">E-mail <span class=\"wpforms-required-label\">*<\/span><\/label><input type=\"email\" id=\"wpforms-1737-field_2\" class=\"wpforms-field-medium wpforms-field-required\" name=\"wpforms[fields][2]\" required><\/div><div id=\"wpforms-1737-field_3-container\" class=\"wpforms-field wpforms-field-phone\" data-field-id=\"3\"><label class=\"wpforms-field-label\" for=\"wpforms-1737-field_3\">Telefone<\/label><input type=\"tel\" id=\"wpforms-1737-field_3\" class=\"wpforms-field-medium wpforms-smart-phone-field\" data-rule-smart-phone-field=\"true\" name=\"wpforms[fields][3]\" ><\/div><\/div><div class=\"wpforms-recaptcha-container wpforms-is-recaptcha\" ><div class=\"g-recaptcha\" data-sitekey=\"6LdHgyMUAAAAAGrttm339o1dFsnQxOIBD3YsLDNB\"><\/div><input type=\"text\" name=\"g-recaptcha-hidden\" class=\"wpforms-recaptcha-hidden\" style=\"position:absolute!important;clip:rect(0,0,0,0)!important;height:1px!important;width:1px!important;border:0!important;overflow:hidden!important;padding:0!important;margin:0!important;\" required><\/div><div class=\"wpforms-submit-container\" ><input type=\"hidden\" name=\"wpforms[id]\" value=\"1737\"><input type=\"hidden\" name=\"wpforms[author]\" value=\"1\"><button type=\"submit\" name=\"wpforms[submit]\" class=\"wpforms-submit \" id=\"wpforms-submit-1737\" value=\"wpforms-submit\" aria-live=\"assertive\" data-alt-text=\"Enviando...\" data-submit-text=\"Enviar\">Enviar<\/button><\/div><\/form><\/div>  <!-- .wpforms-container -->[\/vc_column][\/vc_row][vc_row css=&#8221;.vc_custom_1440411640422{margin-bottom: 70px !important;}&#8221;][vc_column][stm_image_carousel mode=&#8221;horizontal&#8221; images_to_show=&#8221;4&#8243; images_to_show_tablet=&#8221;4&#8243; images_to_show_mobile=&#8221;1&#8243; images=&#8221;1835,1441,1438,1446&#8243; img_size=&#8221;145&#215;80&#8243; title=&#8221;Conv\u00eanios e Parceiros&#8221; title_color=&#8221;#4c4c4c&#8221;][\/vc_column][\/vc_row][vc_row full_width=&#8221;stretch_row_content_no_spaces&#8221; css=&#8221;.vc_custom_1440502317861{margin-bottom: 0px !important;}&#8221;][vc_column][vc_raw_html]JTNDY2VudGVyJTNFJTNDaWZyYW1lJTIwc3JjJTNEJTIyaHR0cHMlM0ElMkYlMkZ3d3cuZ29vZ2xlLmNvbSUyRm1hcHMlMkZlbWJlZCUzRnBiJTNEJTIxMW0xOCUyMTFtMTIlMjExbTMlMjExZDM0NTQuMTI4NjcxODAyMDYyJTIxMmQtNTEuMjI4MTczNzg0NDY1NTQlMjEzZC0zMC4wMzMxNjYxODE4ODY0NyUyMTJtMyUyMTFmMCUyMTJmMCUyMTNmMCUyMTNtMiUyMTFpMTAyNCUyMTJpNzY4JTIxNGYxMy4xJTIxM20zJTIxMW0yJTIxMXMweDk1MTk3OTA2ODhhZWMwYWYlMjUzQTB4MTMwZDZhOTZhZmMyMzhhNyUyMTJzQ2wlMjVDMyUyNUFEbmljYSUyNTIwT2RvbnRvbCUyNUMzJTI1QjNnaWNhJTI1MjBNYXhpb2RvbnRvJTIxNWUwJTIxM20yJTIxMXNwdC1CUiUyMTJzYnIlMjE0djE2MjAwNjU4ODQ2OTMlMjE1bTIlMjExc3B0LUJSJTIxMnNiciUyMiUyMHdpZHRoJTNEJTIyMTAwJTI1JTIyJTIwaGVpZ2h0JTNEJTIyNDUwJTIyJTIwc3R5bGUlM0QlMjJib3JkZXIlM0EwJTNCJTIyJTIwYWxsb3dmdWxsc2NyZWVuJTNEJTIyJTIyJTIwbG9hZGluZyUzRCUyMmxhenklMjIlM0UlM0MlMkZpZnJhbWUlM0UlM0MlMkZjZW50ZXIlM0U=[\/vc_raw_html][\/vc_column][\/vc_row][vc_row css=&#8221;.vc_custom_1440502646613{margin-bottom: 0px !important;}&#8221;][vc_column][vc_column_text][\/vc_column_text][\/vc_column][\/vc_row]<\/p>\n<\/div>","protected":false},"excerpt":{"rendered":"<p>[vc_row css=&rdquo;.vc_custom_1439796249329{margin-bottom: 0px !important;}&rdquo;][vc_column][rev_slider_vc alias=&rdquo;main_slider&rdquo;][\/vc_column][\/vc_row][vc_row el_class=&rdquo;overflowed_content&rdquo; css=&rdquo;.vc_custom_1439880673570{margin-bottom: 0px !important;}&rdquo;][vc_column width=&rdquo;1\/3&Prime; css=&rdquo;.vc_custom_1439878727322{margin-top: -100px !important;padding-right: 0px !important;}&rdquo;][stm_icon_box icon=&rdquo;stm-icon-dental-prosthesis&rdquo; style=&rdquo;icon_right&rdquo; icon_size=&rdquo;110&Prime; animation=&rdquo;enable&rdquo; draw=&rdquo;enable&rdquo; draw_width=&rdquo;80&Prime; icon_width=&rdquo;100&Prime; title=&rdquo;Implantes&rdquo; css=&rdquo;.vc_custom_1619982427869{padding-top: 45px !important;padding-right: 40px !important;padding-bottom: 45px !important;padding-left: 40px !important;}&rdquo; link=&rdquo;url:https%3A%2F%2Fwww.clinicamaxxiodonto.com.br%2Fnovo%2Ftratamentos%2F|title:Tratamentos&rdquo; el_class=&rdquo;base_background_color mobile_adaptive&rdquo;] Profissionais especializados e alta tecnologia em implantes dent&aacute;rios. [\/stm_icon_box][\/vc_column][vc_column width=&rdquo;1\/3&Prime; css=&rdquo;.vc_custom_1439878731029{margin-top: -100px !important;padding-right: 0px !important;padding-left: 0px !important;}&rdquo;][stm_icon_box icon=&rdquo;stm-icon-braces&rdquo; style=&rdquo;icon_right&rdquo; icon_size=&rdquo;110&Prime;&#8230;<\/p>\n","protected":false},"author":1,"featured_media":0,"parent":0,"menu_order":0,"comment_status":"closed","ping_status":"closed","template":"","meta":{"footnotes":""},"class_list":["post-1299","page","type-page","status-publish","hentry"],"yoast_head":"<!-- This site is optimized with the Yoast SEO plugin v26.3 - https:\/\/yoast.com\/wordpress\/plugins\/seo\/ -->\n<title>Home - Maxxi Odonto<\/title>\n<meta name=\"robots\" content=\"index, follow, max-snippet:-1, max-image-preview:large, max-video-preview:-1\" \/>\n<link rel=\"canonical\" href=\"https:\/\/www.clinicamaxxiodonto.com.br\/novo\/\" \/>\n<meta property=\"og:locale\" content=\"pt_BR\" \/>\n<meta property=\"og:type\" content=\"article\" \/>\n<meta property=\"og:title\" content=\"Home - Maxxi Odonto\" \/>\n<meta property=\"og:description\" content=\"[vc_row css=&rdquo;.vc_custom_1439796249329{margin-bottom: 0px !important;}&rdquo;][vc_column][rev_slider_vc alias=&rdquo;main_slider&rdquo;][\/vc_column][\/vc_row][vc_row el_class=&rdquo;overflowed_content&rdquo; css=&rdquo;.vc_custom_1439880673570{margin-bottom: 0px !important;}&rdquo;][vc_column width=&rdquo;1\/3&Prime; css=&rdquo;.vc_custom_1439878727322{margin-top: -100px !important;padding-right: 0px !important;}&rdquo;][stm_icon_box icon=&rdquo;stm-icon-dental-prosthesis&rdquo; style=&rdquo;icon_right&rdquo; icon_size=&rdquo;110&Prime; animation=&rdquo;enable&rdquo; draw=&rdquo;enable&rdquo; draw_width=&rdquo;80&Prime; icon_width=&rdquo;100&Prime; title=&rdquo;Implantes&rdquo; css=&rdquo;.vc_custom_1619982427869{padding-top: 45px !important;padding-right: 40px !important;padding-bottom: 45px !important;padding-left: 40px !important;}&rdquo; link=&rdquo;url:https%3A%2F%2Fwww.clinicamaxxiodonto.com.br%2Fnovo%2Ftratamentos%2F|title:Tratamentos&rdquo; el_class=&rdquo;base_background_color mobile_adaptive&rdquo;] Profissionais especializados e alta tecnologia em implantes dent&aacute;rios. [\/stm_icon_box][\/vc_column][vc_column width=&rdquo;1\/3&Prime; css=&rdquo;.vc_custom_1439878731029{margin-top: -100px !important;padding-right: 0px !important;padding-left: 0px !important;}&rdquo;][stm_icon_box icon=&rdquo;stm-icon-braces&rdquo; style=&rdquo;icon_right&rdquo; icon_size=&rdquo;110&Prime;...\" \/>\n<meta property=\"og:url\" content=\"https:\/\/www.clinicamaxxiodonto.com.br\/novo\/\" \/>\n<meta property=\"og:site_name\" content=\"Maxxi Odonto\" \/>\n<meta property=\"article:publisher\" content=\"https:\/\/www.facebook.com\/clinicasmaxxiodonto\/\" \/>\n<meta property=\"article:modified_time\" content=\"2025-11-10T02:10:23+00:00\" \/>\n<meta property=\"og:image\" content=\"https:\/\/www.clinicamaxxiodonto.com.br\/novo\/wp-content\/uploads\/2021\/05\/maxxiodonto.jpg\" \/>\n\t<meta property=\"og:image:width\" content=\"2048\" \/>\n\t<meta property=\"og:image:height\" content=\"1365\" \/>\n\t<meta property=\"og:image:type\" content=\"image\/jpeg\" \/>\n<meta name=\"twitter:card\" content=\"summary_large_image\" \/>\n<meta name=\"twitter:label1\" content=\"Est. tempo de leitura\" \/>\n\t<meta name=\"twitter:data1\" content=\"4 minutos\" \/>\n<script type=\"application\/ld+json\" class=\"yoast-schema-graph\">{\"@context\":\"https:\/\/schema.org\",\"@graph\":[{\"@type\":\"WebPage\",\"@id\":\"https:\/\/www.clinicamaxxiodonto.com.br\/novo\/\",\"url\":\"https:\/\/www.clinicamaxxiodonto.com.br\/novo\/\",\"name\":\"Home - Maxxi Odonto\",\"isPartOf\":{\"@id\":\"https:\/\/www.clinicamaxxiodonto.com.br\/novo\/#website\"},\"datePublished\":\"2015-08-11T06:16:34+00:00\",\"dateModified\":\"2025-11-10T02:10:23+00:00\",\"breadcrumb\":{\"@id\":\"https:\/\/www.clinicamaxxiodonto.com.br\/novo\/#breadcrumb\"},\"inLanguage\":\"pt-BR\",\"potentialAction\":[{\"@type\":\"ReadAction\",\"target\":[\"https:\/\/www.clinicamaxxiodonto.com.br\/novo\/\"]}]},{\"@type\":\"BreadcrumbList\",\"@id\":\"https:\/\/www.clinicamaxxiodonto.com.br\/novo\/#breadcrumb\",\"itemListElement\":[{\"@type\":\"ListItem\",\"position\":1,\"name\":\"In\u00edcio\",\"item\":\"https:\/\/www.clinicamaxxiodonto.com.br\/novo\/\"},{\"@type\":\"ListItem\",\"position\":2,\"name\":\"Home\"}]},{\"@type\":\"WebSite\",\"@id\":\"https:\/\/www.clinicamaxxiodonto.com.br\/novo\/#website\",\"url\":\"https:\/\/www.clinicamaxxiodonto.com.br\/novo\/\",\"name\":\"Maxxi Odonto\",\"description\":\"Cl\u00ednica Odontol\u00f3gica em Novo Hamburgo RS\",\"publisher\":{\"@id\":\"https:\/\/www.clinicamaxxiodonto.com.br\/novo\/#organization\"},\"potentialAction\":[{\"@type\":\"SearchAction\",\"target\":{\"@type\":\"EntryPoint\",\"urlTemplate\":\"https:\/\/www.clinicamaxxiodonto.com.br\/novo\/?s={search_term_string}\"},\"query-input\":{\"@type\":\"PropertyValueSpecification\",\"valueRequired\":true,\"valueName\":\"search_term_string\"}}],\"inLanguage\":\"pt-BR\"},{\"@type\":\"Organization\",\"@id\":\"https:\/\/www.clinicamaxxiodonto.com.br\/novo\/#organization\",\"name\":\"Maxxi Odonto Cl\u00ednicas Odontol\u00f3gicas\",\"url\":\"https:\/\/www.clinicamaxxiodonto.com.br\/novo\/\",\"logo\":{\"@type\":\"ImageObject\",\"inLanguage\":\"pt-BR\",\"@id\":\"https:\/\/www.clinicamaxxiodonto.com.br\/novo\/#\/schema\/logo\/image\/\",\"url\":\"https:\/\/www.clinicamaxxiodonto.com.br\/novo\/wp-content\/uploads\/2021\/05\/maxxiodonto.jpg\",\"contentUrl\":\"https:\/\/www.clinicamaxxiodonto.com.br\/novo\/wp-content\/uploads\/2021\/05\/maxxiodonto.jpg\",\"width\":2048,\"height\":1365,\"caption\":\"Maxxi Odonto Cl\u00ednicas Odontol\u00f3gicas\"},\"image\":{\"@id\":\"https:\/\/www.clinicamaxxiodonto.com.br\/novo\/#\/schema\/logo\/image\/\"},\"sameAs\":[\"https:\/\/www.facebook.com\/clinicasmaxxiodonto\/\",\"https:\/\/www.instagram.com\/clinicasmaxxiodonto\/\",\"https:\/\/www.youtube.com\/channel\/UC_nf-Bk6JcjDDtsu07gmbPg\"]}]}<\/script>\n<!-- \/ Yoast SEO plugin. -->","yoast_head_json":{"title":"Home - Maxxi Odonto","robots":{"index":"index","follow":"follow","max-snippet":"max-snippet:-1","max-image-preview":"max-image-preview:large","max-video-preview":"max-video-preview:-1"},"canonical":"https:\/\/www.clinicamaxxiodonto.com.br\/novo\/","og_locale":"pt_BR","og_type":"article","og_title":"Home - Maxxi Odonto","og_description":"[vc_row css=&rdquo;.vc_custom_1439796249329{margin-bottom: 0px !important;}&rdquo;][vc_column][rev_slider_vc alias=&rdquo;main_slider&rdquo;][\/vc_column][\/vc_row][vc_row el_class=&rdquo;overflowed_content&rdquo; css=&rdquo;.vc_custom_1439880673570{margin-bottom: 0px !important;}&rdquo;][vc_column width=&rdquo;1\/3&Prime; css=&rdquo;.vc_custom_1439878727322{margin-top: -100px !important;padding-right: 0px !important;}&rdquo;][stm_icon_box icon=&rdquo;stm-icon-dental-prosthesis&rdquo; style=&rdquo;icon_right&rdquo; icon_size=&rdquo;110&Prime; animation=&rdquo;enable&rdquo; draw=&rdquo;enable&rdquo; draw_width=&rdquo;80&Prime; icon_width=&rdquo;100&Prime; title=&rdquo;Implantes&rdquo; css=&rdquo;.vc_custom_1619982427869{padding-top: 45px !important;padding-right: 40px !important;padding-bottom: 45px !important;padding-left: 40px !important;}&rdquo; link=&rdquo;url:https%3A%2F%2Fwww.clinicamaxxiodonto.com.br%2Fnovo%2Ftratamentos%2F|title:Tratamentos&rdquo; el_class=&rdquo;base_background_color mobile_adaptive&rdquo;] Profissionais especializados e alta tecnologia em implantes dent&aacute;rios. [\/stm_icon_box][\/vc_column][vc_column width=&rdquo;1\/3&Prime; css=&rdquo;.vc_custom_1439878731029{margin-top: -100px !important;padding-right: 0px !important;padding-left: 0px !important;}&rdquo;][stm_icon_box icon=&rdquo;stm-icon-braces&rdquo; style=&rdquo;icon_right&rdquo; icon_size=&rdquo;110&Prime;...","og_url":"https:\/\/www.clinicamaxxiodonto.com.br\/novo\/","og_site_name":"Maxxi Odonto","article_publisher":"https:\/\/www.facebook.com\/clinicasmaxxiodonto\/","article_modified_time":"2025-11-10T02:10:23+00:00","og_image":[{"width":2048,"height":1365,"url":"https:\/\/www.clinicamaxxiodonto.com.br\/novo\/wp-content\/uploads\/2021\/05\/maxxiodonto.jpg","type":"image\/jpeg"}],"twitter_card":"summary_large_image","twitter_misc":{"Est. tempo de leitura":"4 minutos"},"schema":{"@context":"https:\/\/schema.org","@graph":[{"@type":"WebPage","@id":"https:\/\/www.clinicamaxxiodonto.com.br\/novo\/","url":"https:\/\/www.clinicamaxxiodonto.com.br\/novo\/","name":"Home - Maxxi Odonto","isPartOf":{"@id":"https:\/\/www.clinicamaxxiodonto.com.br\/novo\/#website"},"datePublished":"2015-08-11T06:16:34+00:00","dateModified":"2025-11-10T02:10:23+00:00","breadcrumb":{"@id":"https:\/\/www.clinicamaxxiodonto.com.br\/novo\/#breadcrumb"},"inLanguage":"pt-BR","potentialAction":[{"@type":"ReadAction","target":["https:\/\/www.clinicamaxxiodonto.com.br\/novo\/"]}]},{"@type":"BreadcrumbList","@id":"https:\/\/www.clinicamaxxiodonto.com.br\/novo\/#breadcrumb","itemListElement":[{"@type":"ListItem","position":1,"name":"In\u00edcio","item":"https:\/\/www.clinicamaxxiodonto.com.br\/novo\/"},{"@type":"ListItem","position":2,"name":"Home"}]},{"@type":"WebSite","@id":"https:\/\/www.clinicamaxxiodonto.com.br\/novo\/#website","url":"https:\/\/www.clinicamaxxiodonto.com.br\/novo\/","name":"Maxxi Odonto","description":"Cl\u00ednica Odontol\u00f3gica em Novo Hamburgo RS","publisher":{"@id":"https:\/\/www.clinicamaxxiodonto.com.br\/novo\/#organization"},"potentialAction":[{"@type":"SearchAction","target":{"@type":"EntryPoint","urlTemplate":"https:\/\/www.clinicamaxxiodonto.com.br\/novo\/?s={search_term_string}"},"query-input":{"@type":"PropertyValueSpecification","valueRequired":true,"valueName":"search_term_string"}}],"inLanguage":"pt-BR"},{"@type":"Organization","@id":"https:\/\/www.clinicamaxxiodonto.com.br\/novo\/#organization","name":"Maxxi Odonto Cl\u00ednicas Odontol\u00f3gicas","url":"https:\/\/www.clinicamaxxiodonto.com.br\/novo\/","logo":{"@type":"ImageObject","inLanguage":"pt-BR","@id":"https:\/\/www.clinicamaxxiodonto.com.br\/novo\/#\/schema\/logo\/image\/","url":"https:\/\/www.clinicamaxxiodonto.com.br\/novo\/wp-content\/uploads\/2021\/05\/maxxiodonto.jpg","contentUrl":"https:\/\/www.clinicamaxxiodonto.com.br\/novo\/wp-content\/uploads\/2021\/05\/maxxiodonto.jpg","width":2048,"height":1365,"caption":"Maxxi Odonto Cl\u00ednicas Odontol\u00f3gicas"},"image":{"@id":"https:\/\/www.clinicamaxxiodonto.com.br\/novo\/#\/schema\/logo\/image\/"},"sameAs":["https:\/\/www.facebook.com\/clinicasmaxxiodonto\/","https:\/\/www.instagram.com\/clinicasmaxxiodonto\/","https:\/\/www.youtube.com\/channel\/UC_nf-Bk6JcjDDtsu07gmbPg"]}]}},"_links":{"self":[{"href":"https:\/\/www.clinicamaxxiodonto.com.br\/novo\/wp-json\/wp\/v2\/pages\/1299","targetHints":{"allow":["GET"]}}],"collection":[{"href":"https:\/\/www.clinicamaxxiodonto.com.br\/novo\/wp-json\/wp\/v2\/pages"}],"about":[{"href":"https:\/\/www.clinicamaxxiodonto.com.br\/novo\/wp-json\/wp\/v2\/types\/page"}],"author":[{"embeddable":true,"href":"https:\/\/www.clinicamaxxiodonto.com.br\/novo\/wp-json\/wp\/v2\/users\/1"}],"replies":[{"embeddable":true,"href":"https:\/\/www.clinicamaxxiodonto.com.br\/novo\/wp-json\/wp\/v2\/comments?post=1299"}],"version-history":[{"count":67,"href":"https:\/\/www.clinicamaxxiodonto.com.br\/novo\/wp-json\/wp\/v2\/pages\/1299\/revisions"}],"predecessor-version":[{"id":1836,"href":"https:\/\/www.clinicamaxxiodonto.com.br\/novo\/wp-json\/wp\/v2\/pages\/1299\/revisions\/1836"}],"wp:attachment":[{"href":"https:\/\/www.clinicamaxxiodonto.com.br\/novo\/wp-json\/wp\/v2\/media?parent=1299"}],"curies":[{"name":"wp","href":"https:\/\/api.w.org\/{rel}","templated":true}]}}