{"id":1481,"date":"2021-05-02T10:14:39","date_gmt":"2021-05-02T13:14:39","guid":{"rendered":"https:\/\/www.clinicamaxxiodonto.com.br\/novo\/?page_id=1481"},"modified":"2021-05-02T22:53:04","modified_gmt":"2021-05-03T01:53:04","slug":"trabalhe-conosco","status":"publish","type":"page","link":"https:\/\/www.clinicamaxxiodonto.com.br\/novo\/trabalhe-conosco\/","title":{"rendered":"Trabalhe Conosco"},"content":{"rendered":"<div class=\"wpb-content-wrapper\"><p>[vc_row][vc_column width=&#8221;1\/2&#8243;][vc_custom_heading text=&#8221;Envie seu Curriculum Vitae&#8221; font_container=&#8221;tag:h3|text_align:left&#8221; use_theme_fonts=&#8221;yes&#8221; css_animation=&#8221;fadeIn&#8221;][\/vc_column][vc_column width=&#8221;1\/2&#8243;][vc_single_image image=&#8221;1637&#8243; img_size=&#8221;medium&#8221; alignment=&#8221;right&#8221; css_animation=&#8221;fadeIn&#8221;][\/vc_column][\/vc_row][vc_row][vc_column css_animation=&#8221;fadeIn&#8221;]<div class=\"wpforms-container wpforms-container-full\" id=\"wpforms-1630\"><form id=\"wpforms-form-1630\" class=\"wpforms-validate wpforms-form\" data-formid=\"1630\" method=\"post\" enctype=\"multipart\/form-data\" action=\"\/novo\/wp-json\/wp\/v2\/pages\/1481?wpforms_form_id=1630\" data-token=\"f56687116bbe0ed127599d210dd0ea88\"><noscript class=\"wpforms-error-noscript\">Ative o JavaScript no seu navegador para preencher este formul\u00e1rio.<\/noscript><div class=\"wpforms-field-container\"><div id=\"wpforms-1630-field_3-container\" class=\"wpforms-field wpforms-field-gdpr-checkbox\" data-field-id=\"3\"><label class=\"wpforms-field-label\" for=\"wpforms-1630-field_3\">Contrato GDPR <span class=\"wpforms-required-label\">*<\/span><\/label><ul id=\"wpforms-1630-field_3\" class=\"wpforms-field-required\"><li class=\"choice-1\"><input type=\"checkbox\" id=\"wpforms-1630-field_3_1\" name=\"wpforms[fields][3][]\" value=\"Eu Concordo\" required ><label class=\"wpforms-field-label-inline\" for=\"wpforms-1630-field_3_1\">Eu Concordo<\/label><\/li><\/ul><div class=\"wpforms-field-description\">Ao enviar informa\u00e7\u00f5es neste formul\u00e1rio voc\u00ea estar\u00e1 concordando em compartilhar suas informa\u00e7\u00f5es pessoais com Maxxi Odonto.<br>\r\nN\u00e3o compartilharemos seus dados pessoais com terceiros respeitando assim a Lei Geral de Prote\u00e7\u00e3o de Dados \u2013 LGPD.<\/div><\/div><div id=\"wpforms-1630-field_1-container\" class=\"wpforms-field wpforms-field-name\" data-field-id=\"1\"><label class=\"wpforms-field-label\" for=\"wpforms-1630-field_1\">Nome <span class=\"wpforms-required-label\">*<\/span><\/label><div class=\"wpforms-field-row wpforms-field-medium\"><div class=\"wpforms-field-row-block wpforms-first wpforms-one-half\"><input type=\"text\" id=\"wpforms-1630-field_1\" class=\"wpforms-field-name-first wpforms-field-required\" name=\"wpforms[fields][1][first]\" required><label for=\"wpforms-1630-field_1\" class=\"wpforms-field-sublabel after \">Nome<\/label><\/div><div class=\"wpforms-field-row-block wpforms-one-half\"><input type=\"text\" id=\"wpforms-1630-field_1-last\" class=\"wpforms-field-name-last wpforms-field-required\" name=\"wpforms[fields][1][last]\" required><label for=\"wpforms-1630-field_1-last\" class=\"wpforms-field-sublabel after \">Sobrenome<\/label><\/div><\/div><\/div><div id=\"wpforms-1630-field_2-container\" class=\"wpforms-field wpforms-field-email\" data-field-id=\"2\"><label class=\"wpforms-field-label\" for=\"wpforms-1630-field_2\">E-mail <span class=\"wpforms-required-label\">*<\/span><\/label><input type=\"email\" id=\"wpforms-1630-field_2\" class=\"wpforms-field-medium wpforms-field-required\" name=\"wpforms[fields][2]\" required><\/div><div id=\"wpforms-1630-field_4-container\" class=\"wpforms-field wpforms-field-phone\" data-field-id=\"4\"><label class=\"wpforms-field-label\" for=\"wpforms-1630-field_4\">Telefone <span class=\"wpforms-required-label\">*<\/span><\/label><input type=\"tel\" id=\"wpforms-1630-field_4\" class=\"wpforms-field-medium wpforms-field-required wpforms-smart-phone-field\" data-rule-smart-phone-field=\"true\" name=\"wpforms[fields][4]\" required><\/div><div id=\"wpforms-1630-field_7-container\" class=\"wpforms-field wpforms-field-textarea\" data-field-id=\"7\"><label class=\"wpforms-field-label\" for=\"wpforms-1630-field_7\">Deixe uma Mensagem<\/label><textarea id=\"wpforms-1630-field_7\" class=\"wpforms-field-medium\" name=\"wpforms[fields][7]\" ><\/textarea><\/div><div id=\"wpforms-1630-field_5-container\" class=\"wpforms-field wpforms-field-file-upload\" data-field-id=\"5\"><label class=\"wpforms-field-label\" for=\"wpforms-1630-field_5\">Anexar Arquivo<\/label><input type=\"file\" id=\"wpforms-1630-field_5\" data-rule-extension=\"doc,docx,pdf,odf\" data-rule-maxsize=\"5242880\" name=\"wpforms_1630_5\" accept=\".doc,.docx,.pdf,.odf\" ><\/div><\/div><div class=\"wpforms-recaptcha-container wpforms-is-recaptcha\" ><div class=\"g-recaptcha\" data-sitekey=\"6LdHgyMUAAAAAGrttm339o1dFsnQxOIBD3YsLDNB\"><\/div><input type=\"text\" name=\"g-recaptcha-hidden\" class=\"wpforms-recaptcha-hidden\" style=\"position:absolute!important;clip:rect(0,0,0,0)!important;height:1px!important;width:1px!important;border:0!important;overflow:hidden!important;padding:0!important;margin:0!important;\" required><\/div><div class=\"wpforms-submit-container\" ><input type=\"hidden\" name=\"wpforms[id]\" value=\"1630\"><input type=\"hidden\" name=\"wpforms[author]\" value=\"1\"><button type=\"submit\" name=\"wpforms[submit]\" class=\"wpforms-submit \" id=\"wpforms-submit-1630\" value=\"wpforms-submit\" aria-live=\"assertive\" data-alt-text=\"Enviando...\" data-submit-text=\"Enviar\">Enviar<\/button><\/div><\/form><\/div>  <!-- .wpforms-container -->[vc_raw_html]JTNDYnIlM0UlM0NiciUzRQ==[\/vc_raw_html][\/vc_column][\/vc_row]<\/p>\n<\/div>","protected":false},"excerpt":{"rendered":"<p>[vc_row][vc_column width=&rdquo;1\/2&Prime;][vc_custom_heading text=&rdquo;Envie seu Curriculum Vitae&rdquo; font_container=&rdquo;tag:h3|text_align:left&rdquo; use_theme_fonts=&rdquo;yes&rdquo; css_animation=&rdquo;fadeIn&rdquo;][\/vc_column][vc_column width=&rdquo;1\/2&Prime;][vc_single_image image=&rdquo;1637&Prime; img_size=&rdquo;medium&rdquo; alignment=&rdquo;right&rdquo; css_animation=&rdquo;fadeIn&rdquo;][\/vc_column][\/vc_row][vc_row][vc_column css_animation=&rdquo;fadeIn&rdquo;][vc_raw_html]JTNDYnIlM0UlM0NiciUzRQ==[\/vc_raw_html][\/vc_column][\/vc_row]<\/p>\n","protected":false},"author":1,"featured_media":0,"parent":0,"menu_order":0,"comment_status":"closed","ping_status":"closed","template":"","meta":{"footnotes":""},"class_list":["post-1481","page","type-page","status-publish","hentry"],"yoast_head":"<!-- This site is optimized with the Yoast SEO plugin v26.3 - https:\/\/yoast.com\/wordpress\/plugins\/seo\/ -->\n<title>Trabalhe Conosco - Maxxi Odonto<\/title>\n<meta name=\"robots\" content=\"index, follow, max-snippet:-1, max-image-preview:large, max-video-preview:-1\" \/>\n<link rel=\"canonical\" href=\"https:\/\/www.clinicamaxxiodonto.com.br\/novo\/trabalhe-conosco\/\" \/>\n<meta property=\"og:locale\" content=\"pt_BR\" \/>\n<meta property=\"og:type\" content=\"article\" \/>\n<meta property=\"og:title\" content=\"Trabalhe Conosco - Maxxi Odonto\" \/>\n<meta property=\"og:description\" content=\"[vc_row][vc_column width=&rdquo;1\/2&Prime;][vc_custom_heading text=&rdquo;Envie seu Curriculum Vitae&rdquo; font_container=&rdquo;tag:h3|text_align:left&rdquo; use_theme_fonts=&rdquo;yes&rdquo; css_animation=&rdquo;fadeIn&rdquo;][\/vc_column][vc_column width=&rdquo;1\/2&Prime;][vc_single_image image=&rdquo;1637&Prime; img_size=&rdquo;medium&rdquo; alignment=&rdquo;right&rdquo; css_animation=&rdquo;fadeIn&rdquo;][\/vc_column][\/vc_row][vc_row][vc_column css_animation=&rdquo;fadeIn&rdquo;][vc_raw_html]JTNDYnIlM0UlM0NiciUzRQ==[\/vc_raw_html][\/vc_column][\/vc_row]\" \/>\n<meta property=\"og:url\" content=\"https:\/\/www.clinicamaxxiodonto.com.br\/novo\/trabalhe-conosco\/\" \/>\n<meta property=\"og:site_name\" content=\"Maxxi Odonto\" \/>\n<meta property=\"article:publisher\" content=\"https:\/\/www.facebook.com\/clinicasmaxxiodonto\/\" \/>\n<meta property=\"article:modified_time\" content=\"2021-05-03T01:53:04+00:00\" \/>\n<meta property=\"og:image\" content=\"https:\/\/www.clinicamaxxiodonto.com.br\/novo\/wp-content\/uploads\/2021\/05\/maxxiodonto.jpg\" \/>\n\t<meta property=\"og:image:width\" content=\"2048\" \/>\n\t<meta property=\"og:image:height\" content=\"1365\" \/>\n\t<meta property=\"og:image:type\" content=\"image\/jpeg\" \/>\n<meta name=\"twitter:card\" content=\"summary_large_image\" \/>\n<script type=\"application\/ld+json\" class=\"yoast-schema-graph\">{\"@context\":\"https:\/\/schema.org\",\"@graph\":[{\"@type\":\"WebPage\",\"@id\":\"https:\/\/www.clinicamaxxiodonto.com.br\/novo\/trabalhe-conosco\/\",\"url\":\"https:\/\/www.clinicamaxxiodonto.com.br\/novo\/trabalhe-conosco\/\",\"name\":\"Trabalhe Conosco - Maxxi Odonto\",\"isPartOf\":{\"@id\":\"https:\/\/www.clinicamaxxiodonto.com.br\/novo\/#website\"},\"datePublished\":\"2021-05-02T13:14:39+00:00\",\"dateModified\":\"2021-05-03T01:53:04+00:00\",\"breadcrumb\":{\"@id\":\"https:\/\/www.clinicamaxxiodonto.com.br\/novo\/trabalhe-conosco\/#breadcrumb\"},\"inLanguage\":\"pt-BR\",\"potentialAction\":[{\"@type\":\"ReadAction\",\"target\":[\"https:\/\/www.clinicamaxxiodonto.com.br\/novo\/trabalhe-conosco\/\"]}]},{\"@type\":\"BreadcrumbList\",\"@id\":\"https:\/\/www.clinicamaxxiodonto.com.br\/novo\/trabalhe-conosco\/#breadcrumb\",\"itemListElement\":[{\"@type\":\"ListItem\",\"position\":1,\"name\":\"In\u00edcio\",\"item\":\"https:\/\/www.clinicamaxxiodonto.com.br\/novo\/\"},{\"@type\":\"ListItem\",\"position\":2,\"name\":\"Trabalhe Conosco\"}]},{\"@type\":\"WebSite\",\"@id\":\"https:\/\/www.clinicamaxxiodonto.com.br\/novo\/#website\",\"url\":\"https:\/\/www.clinicamaxxiodonto.com.br\/novo\/\",\"name\":\"Maxxi Odonto\",\"description\":\"Cl\u00ednica Odontol\u00f3gica em Novo Hamburgo RS\",\"publisher\":{\"@id\":\"https:\/\/www.clinicamaxxiodonto.com.br\/novo\/#organization\"},\"potentialAction\":[{\"@type\":\"SearchAction\",\"target\":{\"@type\":\"EntryPoint\",\"urlTemplate\":\"https:\/\/www.clinicamaxxiodonto.com.br\/novo\/?s={search_term_string}\"},\"query-input\":{\"@type\":\"PropertyValueSpecification\",\"valueRequired\":true,\"valueName\":\"search_term_string\"}}],\"inLanguage\":\"pt-BR\"},{\"@type\":\"Organization\",\"@id\":\"https:\/\/www.clinicamaxxiodonto.com.br\/novo\/#organization\",\"name\":\"Maxxi Odonto Cl\u00ednicas Odontol\u00f3gicas\",\"url\":\"https:\/\/www.clinicamaxxiodonto.com.br\/novo\/\",\"logo\":{\"@type\":\"ImageObject\",\"inLanguage\":\"pt-BR\",\"@id\":\"https:\/\/www.clinicamaxxiodonto.com.br\/novo\/#\/schema\/logo\/image\/\",\"url\":\"https:\/\/www.clinicamaxxiodonto.com.br\/novo\/wp-content\/uploads\/2021\/05\/maxxiodonto.jpg\",\"contentUrl\":\"https:\/\/www.clinicamaxxiodonto.com.br\/novo\/wp-content\/uploads\/2021\/05\/maxxiodonto.jpg\",\"width\":2048,\"height\":1365,\"caption\":\"Maxxi Odonto Cl\u00ednicas Odontol\u00f3gicas\"},\"image\":{\"@id\":\"https:\/\/www.clinicamaxxiodonto.com.br\/novo\/#\/schema\/logo\/image\/\"},\"sameAs\":[\"https:\/\/www.facebook.com\/clinicasmaxxiodonto\/\",\"https:\/\/www.instagram.com\/clinicasmaxxiodonto\/\",\"https:\/\/www.youtube.com\/channel\/UC_nf-Bk6JcjDDtsu07gmbPg\"]}]}<\/script>\n<!-- \/ Yoast SEO plugin. -->","yoast_head_json":{"title":"Trabalhe Conosco - Maxxi Odonto","robots":{"index":"index","follow":"follow","max-snippet":"max-snippet:-1","max-image-preview":"max-image-preview:large","max-video-preview":"max-video-preview:-1"},"canonical":"https:\/\/www.clinicamaxxiodonto.com.br\/novo\/trabalhe-conosco\/","og_locale":"pt_BR","og_type":"article","og_title":"Trabalhe Conosco - Maxxi Odonto","og_description":"[vc_row][vc_column width=&rdquo;1\/2&Prime;][vc_custom_heading text=&rdquo;Envie seu Curriculum Vitae&rdquo; font_container=&rdquo;tag:h3|text_align:left&rdquo; use_theme_fonts=&rdquo;yes&rdquo; css_animation=&rdquo;fadeIn&rdquo;][\/vc_column][vc_column width=&rdquo;1\/2&Prime;][vc_single_image image=&rdquo;1637&Prime; img_size=&rdquo;medium&rdquo; alignment=&rdquo;right&rdquo; css_animation=&rdquo;fadeIn&rdquo;][\/vc_column][\/vc_row][vc_row][vc_column css_animation=&rdquo;fadeIn&rdquo;][vc_raw_html]JTNDYnIlM0UlM0NiciUzRQ==[\/vc_raw_html][\/vc_column][\/vc_row]","og_url":"https:\/\/www.clinicamaxxiodonto.com.br\/novo\/trabalhe-conosco\/","og_site_name":"Maxxi Odonto","article_publisher":"https:\/\/www.facebook.com\/clinicasmaxxiodonto\/","article_modified_time":"2021-05-03T01:53:04+00:00","og_image":[{"width":2048,"height":1365,"url":"https:\/\/www.clinicamaxxiodonto.com.br\/novo\/wp-content\/uploads\/2021\/05\/maxxiodonto.jpg","type":"image\/jpeg"}],"twitter_card":"summary_large_image","schema":{"@context":"https:\/\/schema.org","@graph":[{"@type":"WebPage","@id":"https:\/\/www.clinicamaxxiodonto.com.br\/novo\/trabalhe-conosco\/","url":"https:\/\/www.clinicamaxxiodonto.com.br\/novo\/trabalhe-conosco\/","name":"Trabalhe Conosco - Maxxi Odonto","isPartOf":{"@id":"https:\/\/www.clinicamaxxiodonto.com.br\/novo\/#website"},"datePublished":"2021-05-02T13:14:39+00:00","dateModified":"2021-05-03T01:53:04+00:00","breadcrumb":{"@id":"https:\/\/www.clinicamaxxiodonto.com.br\/novo\/trabalhe-conosco\/#breadcrumb"},"inLanguage":"pt-BR","potentialAction":[{"@type":"ReadAction","target":["https:\/\/www.clinicamaxxiodonto.com.br\/novo\/trabalhe-conosco\/"]}]},{"@type":"BreadcrumbList","@id":"https:\/\/www.clinicamaxxiodonto.com.br\/novo\/trabalhe-conosco\/#breadcrumb","itemListElement":[{"@type":"ListItem","position":1,"name":"In\u00edcio","item":"https:\/\/www.clinicamaxxiodonto.com.br\/novo\/"},{"@type":"ListItem","position":2,"name":"Trabalhe Conosco"}]},{"@type":"WebSite","@id":"https:\/\/www.clinicamaxxiodonto.com.br\/novo\/#website","url":"https:\/\/www.clinicamaxxiodonto.com.br\/novo\/","name":"Maxxi Odonto","description":"Cl\u00ednica Odontol\u00f3gica em Novo Hamburgo RS","publisher":{"@id":"https:\/\/www.clinicamaxxiodonto.com.br\/novo\/#organization"},"potentialAction":[{"@type":"SearchAction","target":{"@type":"EntryPoint","urlTemplate":"https:\/\/www.clinicamaxxiodonto.com.br\/novo\/?s={search_term_string}"},"query-input":{"@type":"PropertyValueSpecification","valueRequired":true,"valueName":"search_term_string"}}],"inLanguage":"pt-BR"},{"@type":"Organization","@id":"https:\/\/www.clinicamaxxiodonto.com.br\/novo\/#organization","name":"Maxxi Odonto Cl\u00ednicas Odontol\u00f3gicas","url":"https:\/\/www.clinicamaxxiodonto.com.br\/novo\/","logo":{"@type":"ImageObject","inLanguage":"pt-BR","@id":"https:\/\/www.clinicamaxxiodonto.com.br\/novo\/#\/schema\/logo\/image\/","url":"https:\/\/www.clinicamaxxiodonto.com.br\/novo\/wp-content\/uploads\/2021\/05\/maxxiodonto.jpg","contentUrl":"https:\/\/www.clinicamaxxiodonto.com.br\/novo\/wp-content\/uploads\/2021\/05\/maxxiodonto.jpg","width":2048,"height":1365,"caption":"Maxxi Odonto Cl\u00ednicas Odontol\u00f3gicas"},"image":{"@id":"https:\/\/www.clinicamaxxiodonto.com.br\/novo\/#\/schema\/logo\/image\/"},"sameAs":["https:\/\/www.facebook.com\/clinicasmaxxiodonto\/","https:\/\/www.instagram.com\/clinicasmaxxiodonto\/","https:\/\/www.youtube.com\/channel\/UC_nf-Bk6JcjDDtsu07gmbPg"]}]}},"_links":{"self":[{"href":"https:\/\/www.clinicamaxxiodonto.com.br\/novo\/wp-json\/wp\/v2\/pages\/1481","targetHints":{"allow":["GET"]}}],"collection":[{"href":"https:\/\/www.clinicamaxxiodonto.com.br\/novo\/wp-json\/wp\/v2\/pages"}],"about":[{"href":"https:\/\/www.clinicamaxxiodonto.com.br\/novo\/wp-json\/wp\/v2\/types\/page"}],"author":[{"embeddable":true,"href":"https:\/\/www.clinicamaxxiodonto.com.br\/novo\/wp-json\/wp\/v2\/users\/1"}],"replies":[{"embeddable":true,"href":"https:\/\/www.clinicamaxxiodonto.com.br\/novo\/wp-json\/wp\/v2\/comments?post=1481"}],"version-history":[{"count":13,"href":"https:\/\/www.clinicamaxxiodonto.com.br\/novo\/wp-json\/wp\/v2\/pages\/1481\/revisions"}],"predecessor-version":[{"id":1643,"href":"https:\/\/www.clinicamaxxiodonto.com.br\/novo\/wp-json\/wp\/v2\/pages\/1481\/revisions\/1643"}],"wp:attachment":[{"href":"https:\/\/www.clinicamaxxiodonto.com.br\/novo\/wp-json\/wp\/v2\/media?parent=1481"}],"curies":[{"name":"wp","href":"https:\/\/api.w.org\/{rel}","templated":true}]}}