{"id":25,"date":"2015-08-13T04:56:24","date_gmt":"2015-08-13T04:56:24","guid":{"rendered":"http:\/\/dentall.stylemixthemes.com\/demo\/?page_id=25"},"modified":"2024-01-07T10:28:18","modified_gmt":"2024-01-07T13:28:18","slug":"sobre-a-maxxiodonto","status":"publish","type":"page","link":"https:\/\/www.clinicamaxxiodonto.com.br\/novo\/sobre-a-maxxiodonto\/","title":{"rendered":"Sobre"},"content":{"rendered":"<div class=\"wpb-content-wrapper\"><p>[vc_row css=&#8221;.vc_custom_1441619155187{margin-bottom: 50px !important;}&#8221;][vc_column offset=&#8221;vc_hidden-xs&#8221;][rev_slider_vc alias=&#8221;about_us&#8221;][\/vc_column][\/vc_row][vc_row css=&#8221;.vc_custom_1441005495715{margin-bottom: 80px !important;}&#8221;][vc_column width=&#8221;1\/4&#8243; offset=&#8221;vc_col-lg-9 vc_col-md-9&#8243;][vc_column_text css_animation=&#8221;fadeIn&#8221;]<\/p>\n<h3 class=\"p1\">Porque escolher a Maxxi Odonto ?<\/h3>\n<p>Somos uma cl\u00ednica multidisciplinar, que oferece solu\u00e7\u00f5es completas na \u00e1rea de tratamentos dent\u00e1rios.<\/p>\n<p>Possu\u00edmos um experiente e capacitado corpo t\u00e9cnico de especialistas e contamos com os melhores materiais e equipamentos do mercado.<\/p>\n<p>Estamos excelentemente bem localizados, no cora\u00e7\u00e3o de Novo Hamburgo.[\/vc_column_text][vc_single_image image=&#8221;1644&#8243; img_size=&#8221;medium&#8221; alignment=&#8221;center&#8221; onclick=&#8221;link_image&#8221; css_animation=&#8221;fadeIn&#8221;][vc_custom_heading text=&#8221;Miss\u00e3o, Vis\u00e3o e Valores em Odontologia&#8221; font_container=&#8221;tag:h3|text_align:left|color:%234c4c4c&#8221; use_theme_fonts=&#8221;yes&#8221; css_animation=&#8221;fadeIn&#8221; css=&#8221;.vc_custom_1620051541738{margin-bottom: 25px !important;}&#8221;][vc_tta_accordion style=&#8221;modern&#8221; spacing=&#8221;5&#8243; active_section=&#8221;&#8221; css_animation=&#8221;fadeIn&#8221; no_fill=&#8221;true&#8221; collapsible_all=&#8221;true&#8221;][vc_tta_section i_icon_fontawesome=&#8221;fas fa-sort-amount-up-alt&#8221; add_icon=&#8221;true&#8221; title=&#8221;Miss\u00e3o&#8221; tab_id=&#8221;1620050593691-674a86ba-bfbd&#8221;][vc_column_text css_animation=&#8221;fadeIn&#8221;]Preservar a sa\u00fade, o sorriso e a qualidade de vida das pessoas, a partir de um atendimento profissional, \u00e9tico e personalizado disponibilizando os melhores, mais tecnol\u00f3gicos e mais r\u00e1pidos tratamentos dent\u00e1rios.[\/vc_column_text][\/vc_tta_section][vc_tta_section i_icon_fontawesome=&#8221;stm-icon-eye&#8221; add_icon=&#8221;true&#8221; title=&#8221;Vis\u00e3o&#8221; tab_id=&#8221;1620050593724-752eb9d6-9a02&#8243;][vc_column_text css_animation=&#8221;fadeIn&#8221;]Manter e ampliar o n\u00edvel da institui\u00e7\u00e3o e ser reconhecida na regi\u00e3o sul como refer\u00eancia no tratamento de odontologia.<\/p>\n<p>Compromisso com o cliente;<br \/>\nTranspar\u00eancia nos neg\u00f3cios;<br \/>\nRapidez e tratamentos flex\u00edveis;<br \/>\nConfidencialidade e \u00e9tica;<br \/>\nFoco em resultados;<br \/>\nResponsabilidade pelos resultados;<br \/>\nEduca\u00e7\u00e3o e forma\u00e7\u00e3o de pessoas;<br \/>\nHumaniza\u00e7\u00e3o e gentileza;<br \/>\nResponsabilidade social e sustentabilidade;<br \/>\nPioneirismo tecnol\u00f3gico;<br \/>\nGest\u00e3o de custos em odontologia;<br \/>\nPontualidade no atendimento;<br \/>\nEsp\u00edrito empreendedor.[\/vc_column_text][\/vc_tta_section][vc_tta_section i_icon_fontawesome=&#8221;fas fa-handshake&#8221; add_icon=&#8221;true&#8221; title=&#8221;Valores&#8221; tab_id=&#8221;1620051307873-8bb280d6-2ead&#8221;][vc_column_text css_animation=&#8221;fadeIn&#8221;]Os princ\u00edpios e valores que norteiam as atividades da Maxxi Odonto descrevem bem sua forma de trabalho: transpar\u00eancia, flexibilidade, \u00e9tica e integralidade; foco no compromisso com o prazo, a qualidade e a busca pela excel\u00eancia nos servi\u00e7os customizados.[\/vc_column_text][\/vc_tta_section][vc_tta_section i_icon_fontawesome=&#8221;fas fa-feather-alt&#8221; add_icon=&#8221;true&#8221; title=&#8221;Sustentabilidade&#8221; tab_id=&#8221;1620052143951-5ff13091-8ef3&#8243;][vc_column_text css_animation=&#8221;fadeIn&#8221;]Acreditamos que defender e proporcionar melhoras ao meio ambiente, tanto para a atual quanto para as pr\u00f3ximas gera\u00e7\u00f5es, deve ser o norte de todas as a\u00e7\u00f5es econ\u00f4micas, pol\u00edticas e sociais.<\/p>\n<p>Assim, todos os neg\u00f3cios da Maxxi Odonto s\u00e3o orientados por Pr\u00e1ticas Sustent\u00e1veis, tais como: respeito e responsabilidade para com a comunidade; total comprometimento com fornecedores confi\u00e1veis e que partilhem as mesmas preocupa\u00e7\u00f5es e valores com a gest\u00e3o ambiental; preocupa\u00e7\u00e3o e aten\u00e7\u00e3o para com a redu\u00e7\u00e3o do desperd\u00edcio de \u00e1gua, energia e pap\u00e9is.<\/p>\n<p>A Maxxi Odonto busca, assim, integrar todas as suas a\u00e7\u00f5es e opera\u00e7\u00f5es \u00e0 promo\u00e7\u00e3o da melhoria dos aspectos ambientais.[\/vc_column_text][\/vc_tta_section][\/vc_tta_accordion][\/vc_column][vc_column width=&#8221;1\/4&#8243;][vc_single_image image=&#8221;1659&#8243; img_size=&#8221;full&#8221; alignment=&#8221;center&#8221; css_animation=&#8221;fadeIn&#8221;][vc_single_image image=&#8221;1665&#8243; img_size=&#8221;full&#8221; alignment=&#8221;center&#8221; css_animation=&#8221;fadeIn&#8221;][\/vc_column][vc_column width=&#8221;1\/4&#8243;][\/vc_column][vc_column width=&#8221;1\/4&#8243;][\/vc_column][\/vc_row]<\/p>\n<\/div>","protected":false},"excerpt":{"rendered":"<p>[vc_row css=&rdquo;.vc_custom_1441619155187{margin-bottom: 50px !important;}&rdquo;][vc_column offset=&rdquo;vc_hidden-xs&rdquo;][rev_slider_vc alias=&rdquo;about_us&rdquo;][\/vc_column][\/vc_row][vc_row css=&rdquo;.vc_custom_1441005495715{margin-bottom: 80px !important;}&rdquo;][vc_column width=&rdquo;1\/4&Prime; offset=&rdquo;vc_col-lg-9 vc_col-md-9&Prime;][vc_column_text css_animation=&rdquo;fadeIn&rdquo;] Porque escolher a Maxxi Odonto ? Somos uma cl&iacute;nica multidisciplinar, que oferece solu&ccedil;&otilde;es completas na &aacute;rea de tratamentos dent&aacute;rios. Possu&iacute;mos um experiente e capacitado corpo t&eacute;cnico de especialistas e contamos com os melhores materiais e equipamentos do mercado. Estamos excelentemente bem localizados,&#8230;<\/p>\n","protected":false},"author":1,"featured_media":0,"parent":0,"menu_order":0,"comment_status":"closed","ping_status":"closed","template":"","meta":{"footnotes":""},"class_list":["post-25","page","type-page","status-publish","hentry"],"yoast_head":"<!-- This site is optimized with the Yoast SEO plugin v26.3 - https:\/\/yoast.com\/wordpress\/plugins\/seo\/ -->\n<title>Sobre - Maxxi Odonto<\/title>\n<meta name=\"robots\" content=\"index, follow, max-snippet:-1, max-image-preview:large, max-video-preview:-1\" \/>\n<link rel=\"canonical\" href=\"https:\/\/www.clinicamaxxiodonto.com.br\/novo\/sobre-a-maxxiodonto\/\" \/>\n<meta property=\"og:locale\" content=\"pt_BR\" \/>\n<meta property=\"og:type\" content=\"article\" \/>\n<meta property=\"og:title\" content=\"Sobre - Maxxi Odonto\" \/>\n<meta property=\"og:description\" content=\"[vc_row css=&rdquo;.vc_custom_1441619155187{margin-bottom: 50px !important;}&rdquo;][vc_column offset=&rdquo;vc_hidden-xs&rdquo;][rev_slider_vc alias=&rdquo;about_us&rdquo;][\/vc_column][\/vc_row][vc_row css=&rdquo;.vc_custom_1441005495715{margin-bottom: 80px !important;}&rdquo;][vc_column width=&rdquo;1\/4&Prime; offset=&rdquo;vc_col-lg-9 vc_col-md-9&Prime;][vc_column_text css_animation=&rdquo;fadeIn&rdquo;] Porque escolher a Maxxi Odonto ? Somos uma cl&iacute;nica multidisciplinar, que oferece solu&ccedil;&otilde;es completas na &aacute;rea de tratamentos dent&aacute;rios. Possu&iacute;mos um experiente e capacitado corpo t&eacute;cnico de especialistas e contamos com os melhores materiais e equipamentos do mercado. Estamos excelentemente bem localizados,...\" \/>\n<meta property=\"og:url\" content=\"https:\/\/www.clinicamaxxiodonto.com.br\/novo\/sobre-a-maxxiodonto\/\" \/>\n<meta property=\"og:site_name\" content=\"Maxxi Odonto\" \/>\n<meta property=\"article:publisher\" content=\"https:\/\/www.facebook.com\/clinicasmaxxiodonto\/\" \/>\n<meta property=\"article:modified_time\" content=\"2024-01-07T13:28:18+00:00\" \/>\n<meta property=\"og:image\" content=\"https:\/\/www.clinicamaxxiodonto.com.br\/novo\/wp-content\/uploads\/2021\/05\/maxxiodonto.jpg\" \/>\n\t<meta property=\"og:image:width\" content=\"2048\" \/>\n\t<meta property=\"og:image:height\" content=\"1365\" \/>\n\t<meta property=\"og:image:type\" content=\"image\/jpeg\" \/>\n<meta name=\"twitter:card\" content=\"summary_large_image\" \/>\n<meta name=\"twitter:label1\" content=\"Est. tempo de leitura\" \/>\n\t<meta name=\"twitter:data1\" content=\"3 minutos\" \/>\n<script type=\"application\/ld+json\" class=\"yoast-schema-graph\">{\"@context\":\"https:\/\/schema.org\",\"@graph\":[{\"@type\":\"WebPage\",\"@id\":\"https:\/\/www.clinicamaxxiodonto.com.br\/novo\/sobre-a-maxxiodonto\/\",\"url\":\"https:\/\/www.clinicamaxxiodonto.com.br\/novo\/sobre-a-maxxiodonto\/\",\"name\":\"Sobre - Maxxi Odonto\",\"isPartOf\":{\"@id\":\"https:\/\/www.clinicamaxxiodonto.com.br\/novo\/#website\"},\"datePublished\":\"2015-08-13T04:56:24+00:00\",\"dateModified\":\"2024-01-07T13:28:18+00:00\",\"breadcrumb\":{\"@id\":\"https:\/\/www.clinicamaxxiodonto.com.br\/novo\/sobre-a-maxxiodonto\/#breadcrumb\"},\"inLanguage\":\"pt-BR\",\"potentialAction\":[{\"@type\":\"ReadAction\",\"target\":[\"https:\/\/www.clinicamaxxiodonto.com.br\/novo\/sobre-a-maxxiodonto\/\"]}]},{\"@type\":\"BreadcrumbList\",\"@id\":\"https:\/\/www.clinicamaxxiodonto.com.br\/novo\/sobre-a-maxxiodonto\/#breadcrumb\",\"itemListElement\":[{\"@type\":\"ListItem\",\"position\":1,\"name\":\"In\u00edcio\",\"item\":\"https:\/\/www.clinicamaxxiodonto.com.br\/novo\/\"},{\"@type\":\"ListItem\",\"position\":2,\"name\":\"Sobre\"}]},{\"@type\":\"WebSite\",\"@id\":\"https:\/\/www.clinicamaxxiodonto.com.br\/novo\/#website\",\"url\":\"https:\/\/www.clinicamaxxiodonto.com.br\/novo\/\",\"name\":\"Maxxi Odonto\",\"description\":\"Cl\u00ednica Odontol\u00f3gica em Novo Hamburgo RS\",\"publisher\":{\"@id\":\"https:\/\/www.clinicamaxxiodonto.com.br\/novo\/#organization\"},\"potentialAction\":[{\"@type\":\"SearchAction\",\"target\":{\"@type\":\"EntryPoint\",\"urlTemplate\":\"https:\/\/www.clinicamaxxiodonto.com.br\/novo\/?s={search_term_string}\"},\"query-input\":{\"@type\":\"PropertyValueSpecification\",\"valueRequired\":true,\"valueName\":\"search_term_string\"}}],\"inLanguage\":\"pt-BR\"},{\"@type\":\"Organization\",\"@id\":\"https:\/\/www.clinicamaxxiodonto.com.br\/novo\/#organization\",\"name\":\"Maxxi Odonto Cl\u00ednicas Odontol\u00f3gicas\",\"url\":\"https:\/\/www.clinicamaxxiodonto.com.br\/novo\/\",\"logo\":{\"@type\":\"ImageObject\",\"inLanguage\":\"pt-BR\",\"@id\":\"https:\/\/www.clinicamaxxiodonto.com.br\/novo\/#\/schema\/logo\/image\/\",\"url\":\"https:\/\/www.clinicamaxxiodonto.com.br\/novo\/wp-content\/uploads\/2021\/05\/maxxiodonto.jpg\",\"contentUrl\":\"https:\/\/www.clinicamaxxiodonto.com.br\/novo\/wp-content\/uploads\/2021\/05\/maxxiodonto.jpg\",\"width\":2048,\"height\":1365,\"caption\":\"Maxxi Odonto Cl\u00ednicas Odontol\u00f3gicas\"},\"image\":{\"@id\":\"https:\/\/www.clinicamaxxiodonto.com.br\/novo\/#\/schema\/logo\/image\/\"},\"sameAs\":[\"https:\/\/www.facebook.com\/clinicasmaxxiodonto\/\",\"https:\/\/www.instagram.com\/clinicasmaxxiodonto\/\",\"https:\/\/www.youtube.com\/channel\/UC_nf-Bk6JcjDDtsu07gmbPg\"]}]}<\/script>\n<!-- \/ Yoast SEO plugin. -->","yoast_head_json":{"title":"Sobre - Maxxi Odonto","robots":{"index":"index","follow":"follow","max-snippet":"max-snippet:-1","max-image-preview":"max-image-preview:large","max-video-preview":"max-video-preview:-1"},"canonical":"https:\/\/www.clinicamaxxiodonto.com.br\/novo\/sobre-a-maxxiodonto\/","og_locale":"pt_BR","og_type":"article","og_title":"Sobre - Maxxi Odonto","og_description":"[vc_row css=&rdquo;.vc_custom_1441619155187{margin-bottom: 50px !important;}&rdquo;][vc_column offset=&rdquo;vc_hidden-xs&rdquo;][rev_slider_vc alias=&rdquo;about_us&rdquo;][\/vc_column][\/vc_row][vc_row css=&rdquo;.vc_custom_1441005495715{margin-bottom: 80px !important;}&rdquo;][vc_column width=&rdquo;1\/4&Prime; offset=&rdquo;vc_col-lg-9 vc_col-md-9&Prime;][vc_column_text css_animation=&rdquo;fadeIn&rdquo;] Porque escolher a Maxxi Odonto ? Somos uma cl&iacute;nica multidisciplinar, que oferece solu&ccedil;&otilde;es completas na &aacute;rea de tratamentos dent&aacute;rios. Possu&iacute;mos um experiente e capacitado corpo t&eacute;cnico de especialistas e contamos com os melhores materiais e equipamentos do mercado. Estamos excelentemente bem localizados,...","og_url":"https:\/\/www.clinicamaxxiodonto.com.br\/novo\/sobre-a-maxxiodonto\/","og_site_name":"Maxxi Odonto","article_publisher":"https:\/\/www.facebook.com\/clinicasmaxxiodonto\/","article_modified_time":"2024-01-07T13:28:18+00:00","og_image":[{"width":2048,"height":1365,"url":"https:\/\/www.clinicamaxxiodonto.com.br\/novo\/wp-content\/uploads\/2021\/05\/maxxiodonto.jpg","type":"image\/jpeg"}],"twitter_card":"summary_large_image","twitter_misc":{"Est. tempo de leitura":"3 minutos"},"schema":{"@context":"https:\/\/schema.org","@graph":[{"@type":"WebPage","@id":"https:\/\/www.clinicamaxxiodonto.com.br\/novo\/sobre-a-maxxiodonto\/","url":"https:\/\/www.clinicamaxxiodonto.com.br\/novo\/sobre-a-maxxiodonto\/","name":"Sobre - Maxxi Odonto","isPartOf":{"@id":"https:\/\/www.clinicamaxxiodonto.com.br\/novo\/#website"},"datePublished":"2015-08-13T04:56:24+00:00","dateModified":"2024-01-07T13:28:18+00:00","breadcrumb":{"@id":"https:\/\/www.clinicamaxxiodonto.com.br\/novo\/sobre-a-maxxiodonto\/#breadcrumb"},"inLanguage":"pt-BR","potentialAction":[{"@type":"ReadAction","target":["https:\/\/www.clinicamaxxiodonto.com.br\/novo\/sobre-a-maxxiodonto\/"]}]},{"@type":"BreadcrumbList","@id":"https:\/\/www.clinicamaxxiodonto.com.br\/novo\/sobre-a-maxxiodonto\/#breadcrumb","itemListElement":[{"@type":"ListItem","position":1,"name":"In\u00edcio","item":"https:\/\/www.clinicamaxxiodonto.com.br\/novo\/"},{"@type":"ListItem","position":2,"name":"Sobre"}]},{"@type":"WebSite","@id":"https:\/\/www.clinicamaxxiodonto.com.br\/novo\/#website","url":"https:\/\/www.clinicamaxxiodonto.com.br\/novo\/","name":"Maxxi Odonto","description":"Cl\u00ednica Odontol\u00f3gica em Novo Hamburgo RS","publisher":{"@id":"https:\/\/www.clinicamaxxiodonto.com.br\/novo\/#organization"},"potentialAction":[{"@type":"SearchAction","target":{"@type":"EntryPoint","urlTemplate":"https:\/\/www.clinicamaxxiodonto.com.br\/novo\/?s={search_term_string}"},"query-input":{"@type":"PropertyValueSpecification","valueRequired":true,"valueName":"search_term_string"}}],"inLanguage":"pt-BR"},{"@type":"Organization","@id":"https:\/\/www.clinicamaxxiodonto.com.br\/novo\/#organization","name":"Maxxi Odonto Cl\u00ednicas Odontol\u00f3gicas","url":"https:\/\/www.clinicamaxxiodonto.com.br\/novo\/","logo":{"@type":"ImageObject","inLanguage":"pt-BR","@id":"https:\/\/www.clinicamaxxiodonto.com.br\/novo\/#\/schema\/logo\/image\/","url":"https:\/\/www.clinicamaxxiodonto.com.br\/novo\/wp-content\/uploads\/2021\/05\/maxxiodonto.jpg","contentUrl":"https:\/\/www.clinicamaxxiodonto.com.br\/novo\/wp-content\/uploads\/2021\/05\/maxxiodonto.jpg","width":2048,"height":1365,"caption":"Maxxi Odonto Cl\u00ednicas Odontol\u00f3gicas"},"image":{"@id":"https:\/\/www.clinicamaxxiodonto.com.br\/novo\/#\/schema\/logo\/image\/"},"sameAs":["https:\/\/www.facebook.com\/clinicasmaxxiodonto\/","https:\/\/www.instagram.com\/clinicasmaxxiodonto\/","https:\/\/www.youtube.com\/channel\/UC_nf-Bk6JcjDDtsu07gmbPg"]}]}},"_links":{"self":[{"href":"https:\/\/www.clinicamaxxiodonto.com.br\/novo\/wp-json\/wp\/v2\/pages\/25","targetHints":{"allow":["GET"]}}],"collection":[{"href":"https:\/\/www.clinicamaxxiodonto.com.br\/novo\/wp-json\/wp\/v2\/pages"}],"about":[{"href":"https:\/\/www.clinicamaxxiodonto.com.br\/novo\/wp-json\/wp\/v2\/types\/page"}],"author":[{"embeddable":true,"href":"https:\/\/www.clinicamaxxiodonto.com.br\/novo\/wp-json\/wp\/v2\/users\/1"}],"replies":[{"embeddable":true,"href":"https:\/\/www.clinicamaxxiodonto.com.br\/novo\/wp-json\/wp\/v2\/comments?post=25"}],"version-history":[{"count":33,"href":"https:\/\/www.clinicamaxxiodonto.com.br\/novo\/wp-json\/wp\/v2\/pages\/25\/revisions"}],"predecessor-version":[{"id":1812,"href":"https:\/\/www.clinicamaxxiodonto.com.br\/novo\/wp-json\/wp\/v2\/pages\/25\/revisions\/1812"}],"wp:attachment":[{"href":"https:\/\/www.clinicamaxxiodonto.com.br\/novo\/wp-json\/wp\/v2\/media?parent=25"}],"curies":[{"name":"wp","href":"https:\/\/api.w.org\/{rel}","templated":true}]}}