{"id":881,"date":"2015-09-16T10:38:40","date_gmt":"2015-09-16T05:38:40","guid":{"rendered":"http:\/\/dentall.stylemixthemes.com\/demo\/?page_id=881"},"modified":"2021-05-02T18:28:41","modified_gmt":"2021-05-02T21:28:41","slug":"tratamentos","status":"publish","type":"page","link":"https:\/\/www.clinicamaxxiodonto.com.br\/novo\/tratamentos\/","title":{"rendered":"Tratamentos"},"content":{"rendered":"<div class=\"wpb-content-wrapper\"><p>[vc_row][vc_column][vc_column_text css_animation=&#8221;fadeIn&#8221;]<span style=\"font-size: 12pt;\">Nosso objetivo \u00e9 proporcionar \u00e0 voc\u00ea uma experi\u00eancia de mudan\u00e7a e realiza\u00e7\u00e3o.<\/span><\/p>\n<p><span style=\"font-size: 12pt;\">Somos muito mais que um consult\u00f3rio odontol\u00f3gico, pois nosso amor ao trabalho real\u00e7a nosso resultado final. Mas, para garantir aos pacientes um atendimento diferenciado, n\u00e3o basta atender bem apenas, mas tamb\u00e9m ter equipamentos modernos e pr\u00e1ticos para garantir o melhor sorriso.<\/span><\/p>\n<p><span style=\"font-size: 12pt;\">Na Maxxi Odonto, voc\u00ea sabe que est\u00e1 no lugar certo e que ir\u00e1 encontrar uma equipe pronta para atender voc\u00ea!<\/span>[\/vc_column_text][vc_raw_html]JTNDYnIlM0UlM0NiciUzRQ==[\/vc_raw_html][\/vc_column][vc_column css_animation=&#8221;none&#8221;][vc_cta h2=&#8221;Vamos falar sobre sua necessidade ?&#8221; add_button=&#8221;right&#8221; btn_title=&#8221;Contatar&#8221; btn_css_animation=&#8221;fadeIn&#8221; css_animation=&#8221;fadeIn&#8221; btn_link=&#8221;url:https%3A%2F%2Fwww.clinicamaxxiodonto.com.br%2Fnovo%2Fformulario-de-contato%2F|title:Contato&#8221;]Ficou interessado em algum tratamento? Estamos aqui para ajudar clique ao lado para entrar em contato.[\/vc_cta][vc_raw_html]JTNDYnIlM0UlM0NiciUzRSUwQSU1QnN1cHN5c3RpYy1nYWxsZXJ5JTIwaWQlM0QlMjcxJTI3JTVEJTBBJTNDYnIlM0UlM0NiciUzRQ==[\/vc_raw_html][\/vc_column][\/vc_row][vc_row][vc_column][\/vc_column][\/vc_row]<\/p>\n<\/div>","protected":false},"excerpt":{"rendered":"<p>[vc_row][vc_column][vc_column_text css_animation=&rdquo;fadeIn&rdquo;]Nosso objetivo &eacute; proporcionar &agrave; voc&ecirc; uma experi&ecirc;ncia de mudan&ccedil;a e realiza&ccedil;&atilde;o. Somos muito mais que um consult&oacute;rio odontol&oacute;gico, pois nosso amor ao trabalho real&ccedil;a nosso resultado final. Mas, para garantir aos pacientes um atendimento diferenciado, n&atilde;o basta atender bem apenas, mas tamb&eacute;m ter equipamentos modernos e pr&aacute;ticos para garantir o melhor sorriso. Na&#8230;<\/p>\n","protected":false},"author":1,"featured_media":0,"parent":0,"menu_order":0,"comment_status":"closed","ping_status":"closed","template":"","meta":{"footnotes":""},"class_list":["post-881","page","type-page","status-publish","hentry"],"yoast_head":"<!-- This site is optimized with the Yoast SEO plugin v26.3 - https:\/\/yoast.com\/wordpress\/plugins\/seo\/ -->\n<title>Tratamentos - Maxxi Odonto<\/title>\n<meta name=\"robots\" content=\"index, follow, max-snippet:-1, max-image-preview:large, max-video-preview:-1\" \/>\n<link rel=\"canonical\" href=\"https:\/\/www.clinicamaxxiodonto.com.br\/novo\/tratamentos\/\" \/>\n<meta property=\"og:locale\" content=\"pt_BR\" \/>\n<meta property=\"og:type\" content=\"article\" \/>\n<meta property=\"og:title\" content=\"Tratamentos - Maxxi Odonto\" \/>\n<meta property=\"og:description\" content=\"[vc_row][vc_column][vc_column_text css_animation=&rdquo;fadeIn&rdquo;]Nosso objetivo &eacute; proporcionar &agrave; voc&ecirc; uma experi&ecirc;ncia de mudan&ccedil;a e realiza&ccedil;&atilde;o. Somos muito mais que um consult&oacute;rio odontol&oacute;gico, pois nosso amor ao trabalho real&ccedil;a nosso resultado final. Mas, para garantir aos pacientes um atendimento diferenciado, n&atilde;o basta atender bem apenas, mas tamb&eacute;m ter equipamentos modernos e pr&aacute;ticos para garantir o melhor sorriso. Na...\" \/>\n<meta property=\"og:url\" content=\"https:\/\/www.clinicamaxxiodonto.com.br\/novo\/tratamentos\/\" \/>\n<meta property=\"og:site_name\" content=\"Maxxi Odonto\" \/>\n<meta property=\"article:publisher\" content=\"https:\/\/www.facebook.com\/clinicasmaxxiodonto\/\" \/>\n<meta property=\"article:modified_time\" content=\"2021-05-02T21:28:41+00:00\" \/>\n<meta property=\"og:image\" content=\"https:\/\/www.clinicamaxxiodonto.com.br\/novo\/wp-content\/uploads\/2021\/05\/maxxiodonto.jpg\" \/>\n\t<meta property=\"og:image:width\" content=\"2048\" \/>\n\t<meta property=\"og:image:height\" content=\"1365\" \/>\n\t<meta property=\"og:image:type\" content=\"image\/jpeg\" \/>\n<meta name=\"twitter:card\" content=\"summary_large_image\" \/>\n<meta name=\"twitter:label1\" content=\"Est. tempo de leitura\" \/>\n\t<meta name=\"twitter:data1\" content=\"1 minuto\" \/>\n<script type=\"application\/ld+json\" class=\"yoast-schema-graph\">{\"@context\":\"https:\/\/schema.org\",\"@graph\":[{\"@type\":\"WebPage\",\"@id\":\"https:\/\/www.clinicamaxxiodonto.com.br\/novo\/tratamentos\/\",\"url\":\"https:\/\/www.clinicamaxxiodonto.com.br\/novo\/tratamentos\/\",\"name\":\"Tratamentos - Maxxi Odonto\",\"isPartOf\":{\"@id\":\"https:\/\/www.clinicamaxxiodonto.com.br\/novo\/#website\"},\"datePublished\":\"2015-09-16T05:38:40+00:00\",\"dateModified\":\"2021-05-02T21:28:41+00:00\",\"breadcrumb\":{\"@id\":\"https:\/\/www.clinicamaxxiodonto.com.br\/novo\/tratamentos\/#breadcrumb\"},\"inLanguage\":\"pt-BR\",\"potentialAction\":[{\"@type\":\"ReadAction\",\"target\":[\"https:\/\/www.clinicamaxxiodonto.com.br\/novo\/tratamentos\/\"]}]},{\"@type\":\"BreadcrumbList\",\"@id\":\"https:\/\/www.clinicamaxxiodonto.com.br\/novo\/tratamentos\/#breadcrumb\",\"itemListElement\":[{\"@type\":\"ListItem\",\"position\":1,\"name\":\"In\u00edcio\",\"item\":\"https:\/\/www.clinicamaxxiodonto.com.br\/novo\/\"},{\"@type\":\"ListItem\",\"position\":2,\"name\":\"Tratamentos\"}]},{\"@type\":\"WebSite\",\"@id\":\"https:\/\/www.clinicamaxxiodonto.com.br\/novo\/#website\",\"url\":\"https:\/\/www.clinicamaxxiodonto.com.br\/novo\/\",\"name\":\"Maxxi Odonto\",\"description\":\"Cl\u00ednica Odontol\u00f3gica em Novo Hamburgo RS\",\"publisher\":{\"@id\":\"https:\/\/www.clinicamaxxiodonto.com.br\/novo\/#organization\"},\"potentialAction\":[{\"@type\":\"SearchAction\",\"target\":{\"@type\":\"EntryPoint\",\"urlTemplate\":\"https:\/\/www.clinicamaxxiodonto.com.br\/novo\/?s={search_term_string}\"},\"query-input\":{\"@type\":\"PropertyValueSpecification\",\"valueRequired\":true,\"valueName\":\"search_term_string\"}}],\"inLanguage\":\"pt-BR\"},{\"@type\":\"Organization\",\"@id\":\"https:\/\/www.clinicamaxxiodonto.com.br\/novo\/#organization\",\"name\":\"Maxxi Odonto Cl\u00ednicas Odontol\u00f3gicas\",\"url\":\"https:\/\/www.clinicamaxxiodonto.com.br\/novo\/\",\"logo\":{\"@type\":\"ImageObject\",\"inLanguage\":\"pt-BR\",\"@id\":\"https:\/\/www.clinicamaxxiodonto.com.br\/novo\/#\/schema\/logo\/image\/\",\"url\":\"https:\/\/www.clinicamaxxiodonto.com.br\/novo\/wp-content\/uploads\/2021\/05\/maxxiodonto.jpg\",\"contentUrl\":\"https:\/\/www.clinicamaxxiodonto.com.br\/novo\/wp-content\/uploads\/2021\/05\/maxxiodonto.jpg\",\"width\":2048,\"height\":1365,\"caption\":\"Maxxi Odonto Cl\u00ednicas Odontol\u00f3gicas\"},\"image\":{\"@id\":\"https:\/\/www.clinicamaxxiodonto.com.br\/novo\/#\/schema\/logo\/image\/\"},\"sameAs\":[\"https:\/\/www.facebook.com\/clinicasmaxxiodonto\/\",\"https:\/\/www.instagram.com\/clinicasmaxxiodonto\/\",\"https:\/\/www.youtube.com\/channel\/UC_nf-Bk6JcjDDtsu07gmbPg\"]}]}<\/script>\n<!-- \/ Yoast SEO plugin. -->","yoast_head_json":{"title":"Tratamentos - Maxxi Odonto","robots":{"index":"index","follow":"follow","max-snippet":"max-snippet:-1","max-image-preview":"max-image-preview:large","max-video-preview":"max-video-preview:-1"},"canonical":"https:\/\/www.clinicamaxxiodonto.com.br\/novo\/tratamentos\/","og_locale":"pt_BR","og_type":"article","og_title":"Tratamentos - Maxxi Odonto","og_description":"[vc_row][vc_column][vc_column_text css_animation=&rdquo;fadeIn&rdquo;]Nosso objetivo &eacute; proporcionar &agrave; voc&ecirc; uma experi&ecirc;ncia de mudan&ccedil;a e realiza&ccedil;&atilde;o. Somos muito mais que um consult&oacute;rio odontol&oacute;gico, pois nosso amor ao trabalho real&ccedil;a nosso resultado final. Mas, para garantir aos pacientes um atendimento diferenciado, n&atilde;o basta atender bem apenas, mas tamb&eacute;m ter equipamentos modernos e pr&aacute;ticos para garantir o melhor sorriso. Na...","og_url":"https:\/\/www.clinicamaxxiodonto.com.br\/novo\/tratamentos\/","og_site_name":"Maxxi Odonto","article_publisher":"https:\/\/www.facebook.com\/clinicasmaxxiodonto\/","article_modified_time":"2021-05-02T21:28:41+00:00","og_image":[{"width":2048,"height":1365,"url":"https:\/\/www.clinicamaxxiodonto.com.br\/novo\/wp-content\/uploads\/2021\/05\/maxxiodonto.jpg","type":"image\/jpeg"}],"twitter_card":"summary_large_image","twitter_misc":{"Est. tempo de leitura":"1 minuto"},"schema":{"@context":"https:\/\/schema.org","@graph":[{"@type":"WebPage","@id":"https:\/\/www.clinicamaxxiodonto.com.br\/novo\/tratamentos\/","url":"https:\/\/www.clinicamaxxiodonto.com.br\/novo\/tratamentos\/","name":"Tratamentos - Maxxi Odonto","isPartOf":{"@id":"https:\/\/www.clinicamaxxiodonto.com.br\/novo\/#website"},"datePublished":"2015-09-16T05:38:40+00:00","dateModified":"2021-05-02T21:28:41+00:00","breadcrumb":{"@id":"https:\/\/www.clinicamaxxiodonto.com.br\/novo\/tratamentos\/#breadcrumb"},"inLanguage":"pt-BR","potentialAction":[{"@type":"ReadAction","target":["https:\/\/www.clinicamaxxiodonto.com.br\/novo\/tratamentos\/"]}]},{"@type":"BreadcrumbList","@id":"https:\/\/www.clinicamaxxiodonto.com.br\/novo\/tratamentos\/#breadcrumb","itemListElement":[{"@type":"ListItem","position":1,"name":"In\u00edcio","item":"https:\/\/www.clinicamaxxiodonto.com.br\/novo\/"},{"@type":"ListItem","position":2,"name":"Tratamentos"}]},{"@type":"WebSite","@id":"https:\/\/www.clinicamaxxiodonto.com.br\/novo\/#website","url":"https:\/\/www.clinicamaxxiodonto.com.br\/novo\/","name":"Maxxi Odonto","description":"Cl\u00ednica Odontol\u00f3gica em Novo Hamburgo RS","publisher":{"@id":"https:\/\/www.clinicamaxxiodonto.com.br\/novo\/#organization"},"potentialAction":[{"@type":"SearchAction","target":{"@type":"EntryPoint","urlTemplate":"https:\/\/www.clinicamaxxiodonto.com.br\/novo\/?s={search_term_string}"},"query-input":{"@type":"PropertyValueSpecification","valueRequired":true,"valueName":"search_term_string"}}],"inLanguage":"pt-BR"},{"@type":"Organization","@id":"https:\/\/www.clinicamaxxiodonto.com.br\/novo\/#organization","name":"Maxxi Odonto Cl\u00ednicas Odontol\u00f3gicas","url":"https:\/\/www.clinicamaxxiodonto.com.br\/novo\/","logo":{"@type":"ImageObject","inLanguage":"pt-BR","@id":"https:\/\/www.clinicamaxxiodonto.com.br\/novo\/#\/schema\/logo\/image\/","url":"https:\/\/www.clinicamaxxiodonto.com.br\/novo\/wp-content\/uploads\/2021\/05\/maxxiodonto.jpg","contentUrl":"https:\/\/www.clinicamaxxiodonto.com.br\/novo\/wp-content\/uploads\/2021\/05\/maxxiodonto.jpg","width":2048,"height":1365,"caption":"Maxxi Odonto Cl\u00ednicas Odontol\u00f3gicas"},"image":{"@id":"https:\/\/www.clinicamaxxiodonto.com.br\/novo\/#\/schema\/logo\/image\/"},"sameAs":["https:\/\/www.facebook.com\/clinicasmaxxiodonto\/","https:\/\/www.instagram.com\/clinicasmaxxiodonto\/","https:\/\/www.youtube.com\/channel\/UC_nf-Bk6JcjDDtsu07gmbPg"]}]}},"_links":{"self":[{"href":"https:\/\/www.clinicamaxxiodonto.com.br\/novo\/wp-json\/wp\/v2\/pages\/881","targetHints":{"allow":["GET"]}}],"collection":[{"href":"https:\/\/www.clinicamaxxiodonto.com.br\/novo\/wp-json\/wp\/v2\/pages"}],"about":[{"href":"https:\/\/www.clinicamaxxiodonto.com.br\/novo\/wp-json\/wp\/v2\/types\/page"}],"author":[{"embeddable":true,"href":"https:\/\/www.clinicamaxxiodonto.com.br\/novo\/wp-json\/wp\/v2\/users\/1"}],"replies":[{"embeddable":true,"href":"https:\/\/www.clinicamaxxiodonto.com.br\/novo\/wp-json\/wp\/v2\/comments?post=881"}],"version-history":[{"count":25,"href":"https:\/\/www.clinicamaxxiodonto.com.br\/novo\/wp-json\/wp\/v2\/pages\/881\/revisions"}],"predecessor-version":[{"id":1590,"href":"https:\/\/www.clinicamaxxiodonto.com.br\/novo\/wp-json\/wp\/v2\/pages\/881\/revisions\/1590"}],"wp:attachment":[{"href":"https:\/\/www.clinicamaxxiodonto.com.br\/novo\/wp-json\/wp\/v2\/media?parent=881"}],"curies":[{"name":"wp","href":"https:\/\/api.w.org\/{rel}","templated":true}]}}