{"id":899,"date":"2015-09-17T11:01:45","date_gmt":"2015-09-17T06:01:45","guid":{"rendered":"http:\/\/dentall.stylemixthemes.com\/demo\/?page_id=899"},"modified":"2025-11-09T23:17:10","modified_gmt":"2025-11-10T02:17:10","slug":"formulario-de-contato","status":"publish","type":"page","link":"https:\/\/www.clinicamaxxiodonto.com.br\/novo\/formulario-de-contato\/","title":{"rendered":"Contato"},"content":{"rendered":"<div class=\"wpb-content-wrapper\"><p>[vc_row][vc_column css_animation=&#8221;fadeIn&#8221; width=&#8221;1\/2&#8243;][vc_custom_heading text=&#8221;Formul\u00e1rio de Contato&#8221; font_container=&#8221;tag:h3|text_align:left|color:%234c4c4c&#8221; use_theme_fonts=&#8221;yes&#8221; css_animation=&#8221;fadeIn&#8221; css=&#8221;.vc_custom_1620002962638{margin-bottom: 30px !important;}&#8221;]<div class=\"wpforms-container wpforms-container-full\" id=\"wpforms-1619\"><form id=\"wpforms-form-1619\" class=\"wpforms-validate wpforms-form\" data-formid=\"1619\" method=\"post\" enctype=\"multipart\/form-data\" action=\"\/novo\/wp-json\/wp\/v2\/pages\/899\" data-token=\"f56687116bbe0ed127599d210dd0ea88\"><noscript class=\"wpforms-error-noscript\">Ative o JavaScript no seu navegador para preencher este formul\u00e1rio.<\/noscript><div class=\"wpforms-field-container\"><div id=\"wpforms-1619-field_1-container\" class=\"wpforms-field wpforms-field-name\" data-field-id=\"1\"><label class=\"wpforms-field-label\" for=\"wpforms-1619-field_1\">Nome Completo <span class=\"wpforms-required-label\">*<\/span><\/label><div class=\"wpforms-field-row wpforms-field-large\"><div class=\"wpforms-field-row-block wpforms-first wpforms-one-half\"><input type=\"text\" id=\"wpforms-1619-field_1\" class=\"wpforms-field-name-first wpforms-field-required\" name=\"wpforms[fields][1][first]\" required><label for=\"wpforms-1619-field_1\" class=\"wpforms-field-sublabel after \">Nome<\/label><\/div><div class=\"wpforms-field-row-block wpforms-one-half\"><input type=\"text\" id=\"wpforms-1619-field_1-last\" class=\"wpforms-field-name-last wpforms-field-required\" name=\"wpforms[fields][1][last]\" required><label for=\"wpforms-1619-field_1-last\" class=\"wpforms-field-sublabel after \">Sobrenome<\/label><\/div><\/div><\/div><div id=\"wpforms-1619-field_2-container\" class=\"wpforms-field wpforms-field-email\" data-field-id=\"2\"><label class=\"wpforms-field-label\" for=\"wpforms-1619-field_2\">E-mail <span class=\"wpforms-required-label\">*<\/span><\/label><input type=\"email\" id=\"wpforms-1619-field_2\" class=\"wpforms-field-large wpforms-field-required\" name=\"wpforms[fields][2]\" required><\/div><div id=\"wpforms-1619-field_3-container\" class=\"wpforms-field wpforms-field-phone\" data-field-id=\"3\"><label class=\"wpforms-field-label\" for=\"wpforms-1619-field_3\">Telefone <span class=\"wpforms-required-label\">*<\/span><\/label><input type=\"tel\" id=\"wpforms-1619-field_3\" class=\"wpforms-field-medium wpforms-field-required wpforms-smart-phone-field\" data-rule-smart-phone-field=\"true\" name=\"wpforms[fields][3]\" required><\/div><div id=\"wpforms-1619-field_4-container\" class=\"wpforms-field wpforms-field-radio\" data-field-id=\"4\"><label class=\"wpforms-field-label\" for=\"wpforms-1619-field_4\">Motivo do Contato<\/label><ul id=\"wpforms-1619-field_4\"><li class=\"choice-1 depth-1\"><input type=\"radio\" id=\"wpforms-1619-field_4_1\" name=\"wpforms[fields][4]\" value=\"Esclarecer D\u00favida(s)\"  ><label class=\"wpforms-field-label-inline\" for=\"wpforms-1619-field_4_1\">Esclarecer D\u00favida(s)<\/label><\/li><li class=\"choice-2 depth-1\"><input type=\"radio\" id=\"wpforms-1619-field_4_2\" name=\"wpforms[fields][4]\" value=\"Sugest\u00e3o \/ Reclama\u00e7\u00e3o\"  ><label class=\"wpforms-field-label-inline\" for=\"wpforms-1619-field_4_2\">Sugest\u00e3o \/ Reclama\u00e7\u00e3o<\/label><\/li><li class=\"choice-3 depth-1\"><input type=\"radio\" id=\"wpforms-1619-field_4_3\" name=\"wpforms[fields][4]\" value=\"Outro(s) Assunto(s)\"  ><label class=\"wpforms-field-label-inline\" for=\"wpforms-1619-field_4_3\">Outro(s) Assunto(s)<\/label><\/li><\/ul><\/div><div id=\"wpforms-1619-field_5-container\" class=\"wpforms-field wpforms-field-textarea\" data-field-id=\"5\"><label class=\"wpforms-field-label\" for=\"wpforms-1619-field_5\">Sua Mensagem <span class=\"wpforms-required-label\">*<\/span><\/label><textarea id=\"wpforms-1619-field_5\" class=\"wpforms-field-medium wpforms-field-required\" name=\"wpforms[fields][5]\" required><\/textarea><\/div><\/div><div class=\"wpforms-recaptcha-container wpforms-is-recaptcha\" ><div class=\"g-recaptcha\" data-sitekey=\"6LdHgyMUAAAAAGrttm339o1dFsnQxOIBD3YsLDNB\"><\/div><input type=\"text\" name=\"g-recaptcha-hidden\" class=\"wpforms-recaptcha-hidden\" style=\"position:absolute!important;clip:rect(0,0,0,0)!important;height:1px!important;width:1px!important;border:0!important;overflow:hidden!important;padding:0!important;margin:0!important;\" required><\/div><div class=\"wpforms-submit-container\" ><input type=\"hidden\" name=\"wpforms[id]\" value=\"1619\"><input type=\"hidden\" name=\"wpforms[author]\" value=\"1\"><button type=\"submit\" name=\"wpforms[submit]\" class=\"wpforms-submit \" id=\"wpforms-submit-1619\" value=\"wpforms-submit\" aria-live=\"assertive\" data-alt-text=\"Enviando...\" data-submit-text=\"Enviar\">Enviar<\/button><\/div><\/form><\/div>  <!-- .wpforms-container -->[vc_separator css_animation=&#8221;fadeIn&#8221;][\/vc_column][vc_column css_animation=&#8221;fadeIn&#8221; width=&#8221;1\/2&#8243;][stm_contacts_widget style=&#8221;style_2&#8243; address=&#8221;Rua Bento Gon\u00e7alves, 2537 Sala 701\/702<br \/>\nCentro &#8211; Edif\u00edcio Cristal<br \/>\nNovo Hamburgo RS&#8221; email=&#8221;contato@clinicamaxxiodonto.com.br&#8221; phone=&#8221;(51) 3587-0024<br \/>\n(51) 3036-5657&#8243; hours=&#8221;Atendemos de Segunda \u00e0 Sexta<br \/>\nDas 9:00 at\u00e9 \u00e0s 13:00 e das 14:00 at\u00e9 \u00e0s 16:00&#8243; title=&#8221;Informa\u00e7\u00f5es de Contato&#8221;][vc_single_image image=&#8221;1598&#8243; img_size=&#8221;full&#8221; alignment=&#8221;right&#8221; onclick=&#8221;custom_link&#8221; css_animation=&#8221;fadeIn&#8221; link=&#8221;https:\/\/www.clinicamaxxiodonto.com.br\/novo\/como-chegar\/&#8221;][\/vc_column][\/vc_row][vc_row][vc_column][vc_raw_html]JTNDYnIlM0UlM0NiciUzRQ==[\/vc_raw_html][\/vc_column][\/vc_row]<\/p>\n<\/div>","protected":false},"excerpt":{"rendered":"<p>[vc_row][vc_column css_animation=&rdquo;fadeIn&rdquo; width=&rdquo;1\/2&Prime;][vc_custom_heading text=&rdquo;Formul&aacute;rio de Contato&rdquo; font_container=&rdquo;tag:h3|text_align:left|color:%234c4c4c&rdquo; use_theme_fonts=&rdquo;yes&rdquo; css_animation=&rdquo;fadeIn&rdquo; css=&rdquo;.vc_custom_1620002962638{margin-bottom: 30px !important;}&rdquo;][vc_separator css_animation=&rdquo;fadeIn&rdquo;][\/vc_column][vc_column css_animation=&rdquo;fadeIn&rdquo; width=&rdquo;1\/2&Prime;][stm_contacts_widget style=&rdquo;style_2&Prime; address=&rdquo;Rua Bento Gon&ccedil;alves, 2537 Sala 701\/702 Centro &ndash; Edif&iacute;cio Cristal Novo Hamburgo RS&rdquo; email=&rdquo;contato@clinicamaxxiodonto.com.br&rdquo; phone=&rdquo;(51) 3587-0024 (51) 3036-5657&Prime; hours=&rdquo;Atendemos de Segunda &agrave; Sexta Das 9:00 at&eacute; &agrave;s 13:00 e das 14:00 at&eacute; &agrave;s 16:00&Prime; title=&rdquo;Informa&ccedil;&otilde;es de Contato&rdquo;][vc_single_image image=&rdquo;1598&Prime; img_size=&rdquo;full&rdquo;&#8230;<\/p>\n","protected":false},"author":1,"featured_media":0,"parent":0,"menu_order":0,"comment_status":"closed","ping_status":"closed","template":"","meta":{"footnotes":""},"class_list":["post-899","page","type-page","status-publish","hentry"],"yoast_head":"<!-- This site is optimized with the Yoast SEO plugin v26.3 - https:\/\/yoast.com\/wordpress\/plugins\/seo\/ -->\n<title>Contato - Maxxi Odonto<\/title>\n<meta name=\"robots\" content=\"index, follow, max-snippet:-1, max-image-preview:large, max-video-preview:-1\" \/>\n<link rel=\"canonical\" href=\"https:\/\/www.clinicamaxxiodonto.com.br\/novo\/formulario-de-contato\/\" \/>\n<meta property=\"og:locale\" content=\"pt_BR\" \/>\n<meta property=\"og:type\" content=\"article\" \/>\n<meta property=\"og:title\" content=\"Contato - Maxxi Odonto\" \/>\n<meta property=\"og:description\" content=\"[vc_row][vc_column css_animation=&rdquo;fadeIn&rdquo; width=&rdquo;1\/2&Prime;][vc_custom_heading text=&rdquo;Formul&aacute;rio de Contato&rdquo; font_container=&rdquo;tag:h3|text_align:left|color:%234c4c4c&rdquo; use_theme_fonts=&rdquo;yes&rdquo; css_animation=&rdquo;fadeIn&rdquo; css=&rdquo;.vc_custom_1620002962638{margin-bottom: 30px !important;}&rdquo;][vc_separator css_animation=&rdquo;fadeIn&rdquo;][\/vc_column][vc_column css_animation=&rdquo;fadeIn&rdquo; width=&rdquo;1\/2&Prime;][stm_contacts_widget style=&rdquo;style_2&Prime; address=&rdquo;Rua Bento Gon&ccedil;alves, 2537 Sala 701\/702 Centro &ndash; Edif&iacute;cio Cristal Novo Hamburgo RS&rdquo; email=&rdquo;contato@clinicamaxxiodonto.com.br&rdquo; phone=&rdquo;(51) 3587-0024 (51) 3036-5657&Prime; hours=&rdquo;Atendemos de Segunda &agrave; Sexta Das 9:00 at&eacute; &agrave;s 13:00 e das 14:00 at&eacute; &agrave;s 16:00&Prime; title=&rdquo;Informa&ccedil;&otilde;es de Contato&rdquo;][vc_single_image image=&rdquo;1598&Prime; img_size=&rdquo;full&rdquo;...\" \/>\n<meta property=\"og:url\" content=\"https:\/\/www.clinicamaxxiodonto.com.br\/novo\/formulario-de-contato\/\" \/>\n<meta property=\"og:site_name\" content=\"Maxxi Odonto\" \/>\n<meta property=\"article:publisher\" content=\"https:\/\/www.facebook.com\/clinicasmaxxiodonto\/\" \/>\n<meta property=\"article:modified_time\" content=\"2025-11-10T02:17:10+00:00\" \/>\n<meta property=\"og:image\" content=\"https:\/\/www.clinicamaxxiodonto.com.br\/novo\/wp-content\/uploads\/2021\/05\/maxxiodonto.jpg\" \/>\n\t<meta property=\"og:image:width\" content=\"2048\" \/>\n\t<meta property=\"og:image:height\" content=\"1365\" \/>\n\t<meta property=\"og:image:type\" content=\"image\/jpeg\" \/>\n<meta name=\"twitter:card\" content=\"summary_large_image\" \/>\n<meta name=\"twitter:label1\" content=\"Est. tempo de leitura\" \/>\n\t<meta name=\"twitter:data1\" content=\"1 minuto\" \/>\n<script type=\"application\/ld+json\" class=\"yoast-schema-graph\">{\"@context\":\"https:\/\/schema.org\",\"@graph\":[{\"@type\":\"WebPage\",\"@id\":\"https:\/\/www.clinicamaxxiodonto.com.br\/novo\/formulario-de-contato\/\",\"url\":\"https:\/\/www.clinicamaxxiodonto.com.br\/novo\/formulario-de-contato\/\",\"name\":\"Contato - Maxxi Odonto\",\"isPartOf\":{\"@id\":\"https:\/\/www.clinicamaxxiodonto.com.br\/novo\/#website\"},\"datePublished\":\"2015-09-17T06:01:45+00:00\",\"dateModified\":\"2025-11-10T02:17:10+00:00\",\"breadcrumb\":{\"@id\":\"https:\/\/www.clinicamaxxiodonto.com.br\/novo\/formulario-de-contato\/#breadcrumb\"},\"inLanguage\":\"pt-BR\",\"potentialAction\":[{\"@type\":\"ReadAction\",\"target\":[\"https:\/\/www.clinicamaxxiodonto.com.br\/novo\/formulario-de-contato\/\"]}]},{\"@type\":\"BreadcrumbList\",\"@id\":\"https:\/\/www.clinicamaxxiodonto.com.br\/novo\/formulario-de-contato\/#breadcrumb\",\"itemListElement\":[{\"@type\":\"ListItem\",\"position\":1,\"name\":\"In\u00edcio\",\"item\":\"https:\/\/www.clinicamaxxiodonto.com.br\/novo\/\"},{\"@type\":\"ListItem\",\"position\":2,\"name\":\"Contato\"}]},{\"@type\":\"WebSite\",\"@id\":\"https:\/\/www.clinicamaxxiodonto.com.br\/novo\/#website\",\"url\":\"https:\/\/www.clinicamaxxiodonto.com.br\/novo\/\",\"name\":\"Maxxi Odonto\",\"description\":\"Cl\u00ednica Odontol\u00f3gica em Novo Hamburgo RS\",\"publisher\":{\"@id\":\"https:\/\/www.clinicamaxxiodonto.com.br\/novo\/#organization\"},\"potentialAction\":[{\"@type\":\"SearchAction\",\"target\":{\"@type\":\"EntryPoint\",\"urlTemplate\":\"https:\/\/www.clinicamaxxiodonto.com.br\/novo\/?s={search_term_string}\"},\"query-input\":{\"@type\":\"PropertyValueSpecification\",\"valueRequired\":true,\"valueName\":\"search_term_string\"}}],\"inLanguage\":\"pt-BR\"},{\"@type\":\"Organization\",\"@id\":\"https:\/\/www.clinicamaxxiodonto.com.br\/novo\/#organization\",\"name\":\"Maxxi Odonto Cl\u00ednicas Odontol\u00f3gicas\",\"url\":\"https:\/\/www.clinicamaxxiodonto.com.br\/novo\/\",\"logo\":{\"@type\":\"ImageObject\",\"inLanguage\":\"pt-BR\",\"@id\":\"https:\/\/www.clinicamaxxiodonto.com.br\/novo\/#\/schema\/logo\/image\/\",\"url\":\"https:\/\/www.clinicamaxxiodonto.com.br\/novo\/wp-content\/uploads\/2021\/05\/maxxiodonto.jpg\",\"contentUrl\":\"https:\/\/www.clinicamaxxiodonto.com.br\/novo\/wp-content\/uploads\/2021\/05\/maxxiodonto.jpg\",\"width\":2048,\"height\":1365,\"caption\":\"Maxxi Odonto Cl\u00ednicas Odontol\u00f3gicas\"},\"image\":{\"@id\":\"https:\/\/www.clinicamaxxiodonto.com.br\/novo\/#\/schema\/logo\/image\/\"},\"sameAs\":[\"https:\/\/www.facebook.com\/clinicasmaxxiodonto\/\",\"https:\/\/www.instagram.com\/clinicasmaxxiodonto\/\",\"https:\/\/www.youtube.com\/channel\/UC_nf-Bk6JcjDDtsu07gmbPg\"]}]}<\/script>\n<!-- \/ Yoast SEO plugin. -->","yoast_head_json":{"title":"Contato - Maxxi Odonto","robots":{"index":"index","follow":"follow","max-snippet":"max-snippet:-1","max-image-preview":"max-image-preview:large","max-video-preview":"max-video-preview:-1"},"canonical":"https:\/\/www.clinicamaxxiodonto.com.br\/novo\/formulario-de-contato\/","og_locale":"pt_BR","og_type":"article","og_title":"Contato - Maxxi Odonto","og_description":"[vc_row][vc_column css_animation=&rdquo;fadeIn&rdquo; width=&rdquo;1\/2&Prime;][vc_custom_heading text=&rdquo;Formul&aacute;rio de Contato&rdquo; font_container=&rdquo;tag:h3|text_align:left|color:%234c4c4c&rdquo; use_theme_fonts=&rdquo;yes&rdquo; css_animation=&rdquo;fadeIn&rdquo; css=&rdquo;.vc_custom_1620002962638{margin-bottom: 30px !important;}&rdquo;][vc_separator css_animation=&rdquo;fadeIn&rdquo;][\/vc_column][vc_column css_animation=&rdquo;fadeIn&rdquo; width=&rdquo;1\/2&Prime;][stm_contacts_widget style=&rdquo;style_2&Prime; address=&rdquo;Rua Bento Gon&ccedil;alves, 2537 Sala 701\/702 Centro &ndash; Edif&iacute;cio Cristal Novo Hamburgo RS&rdquo; email=&rdquo;contato@clinicamaxxiodonto.com.br&rdquo; phone=&rdquo;(51) 3587-0024 (51) 3036-5657&Prime; hours=&rdquo;Atendemos de Segunda &agrave; Sexta Das 9:00 at&eacute; &agrave;s 13:00 e das 14:00 at&eacute; &agrave;s 16:00&Prime; title=&rdquo;Informa&ccedil;&otilde;es de Contato&rdquo;][vc_single_image image=&rdquo;1598&Prime; img_size=&rdquo;full&rdquo;...","og_url":"https:\/\/www.clinicamaxxiodonto.com.br\/novo\/formulario-de-contato\/","og_site_name":"Maxxi Odonto","article_publisher":"https:\/\/www.facebook.com\/clinicasmaxxiodonto\/","article_modified_time":"2025-11-10T02:17:10+00:00","og_image":[{"width":2048,"height":1365,"url":"https:\/\/www.clinicamaxxiodonto.com.br\/novo\/wp-content\/uploads\/2021\/05\/maxxiodonto.jpg","type":"image\/jpeg"}],"twitter_card":"summary_large_image","twitter_misc":{"Est. tempo de leitura":"1 minuto"},"schema":{"@context":"https:\/\/schema.org","@graph":[{"@type":"WebPage","@id":"https:\/\/www.clinicamaxxiodonto.com.br\/novo\/formulario-de-contato\/","url":"https:\/\/www.clinicamaxxiodonto.com.br\/novo\/formulario-de-contato\/","name":"Contato - Maxxi Odonto","isPartOf":{"@id":"https:\/\/www.clinicamaxxiodonto.com.br\/novo\/#website"},"datePublished":"2015-09-17T06:01:45+00:00","dateModified":"2025-11-10T02:17:10+00:00","breadcrumb":{"@id":"https:\/\/www.clinicamaxxiodonto.com.br\/novo\/formulario-de-contato\/#breadcrumb"},"inLanguage":"pt-BR","potentialAction":[{"@type":"ReadAction","target":["https:\/\/www.clinicamaxxiodonto.com.br\/novo\/formulario-de-contato\/"]}]},{"@type":"BreadcrumbList","@id":"https:\/\/www.clinicamaxxiodonto.com.br\/novo\/formulario-de-contato\/#breadcrumb","itemListElement":[{"@type":"ListItem","position":1,"name":"In\u00edcio","item":"https:\/\/www.clinicamaxxiodonto.com.br\/novo\/"},{"@type":"ListItem","position":2,"name":"Contato"}]},{"@type":"WebSite","@id":"https:\/\/www.clinicamaxxiodonto.com.br\/novo\/#website","url":"https:\/\/www.clinicamaxxiodonto.com.br\/novo\/","name":"Maxxi Odonto","description":"Cl\u00ednica Odontol\u00f3gica em Novo Hamburgo RS","publisher":{"@id":"https:\/\/www.clinicamaxxiodonto.com.br\/novo\/#organization"},"potentialAction":[{"@type":"SearchAction","target":{"@type":"EntryPoint","urlTemplate":"https:\/\/www.clinicamaxxiodonto.com.br\/novo\/?s={search_term_string}"},"query-input":{"@type":"PropertyValueSpecification","valueRequired":true,"valueName":"search_term_string"}}],"inLanguage":"pt-BR"},{"@type":"Organization","@id":"https:\/\/www.clinicamaxxiodonto.com.br\/novo\/#organization","name":"Maxxi Odonto Cl\u00ednicas Odontol\u00f3gicas","url":"https:\/\/www.clinicamaxxiodonto.com.br\/novo\/","logo":{"@type":"ImageObject","inLanguage":"pt-BR","@id":"https:\/\/www.clinicamaxxiodonto.com.br\/novo\/#\/schema\/logo\/image\/","url":"https:\/\/www.clinicamaxxiodonto.com.br\/novo\/wp-content\/uploads\/2021\/05\/maxxiodonto.jpg","contentUrl":"https:\/\/www.clinicamaxxiodonto.com.br\/novo\/wp-content\/uploads\/2021\/05\/maxxiodonto.jpg","width":2048,"height":1365,"caption":"Maxxi Odonto Cl\u00ednicas Odontol\u00f3gicas"},"image":{"@id":"https:\/\/www.clinicamaxxiodonto.com.br\/novo\/#\/schema\/logo\/image\/"},"sameAs":["https:\/\/www.facebook.com\/clinicasmaxxiodonto\/","https:\/\/www.instagram.com\/clinicasmaxxiodonto\/","https:\/\/www.youtube.com\/channel\/UC_nf-Bk6JcjDDtsu07gmbPg"]}]}},"_links":{"self":[{"href":"https:\/\/www.clinicamaxxiodonto.com.br\/novo\/wp-json\/wp\/v2\/pages\/899","targetHints":{"allow":["GET"]}}],"collection":[{"href":"https:\/\/www.clinicamaxxiodonto.com.br\/novo\/wp-json\/wp\/v2\/pages"}],"about":[{"href":"https:\/\/www.clinicamaxxiodonto.com.br\/novo\/wp-json\/wp\/v2\/types\/page"}],"author":[{"embeddable":true,"href":"https:\/\/www.clinicamaxxiodonto.com.br\/novo\/wp-json\/wp\/v2\/users\/1"}],"replies":[{"embeddable":true,"href":"https:\/\/www.clinicamaxxiodonto.com.br\/novo\/wp-json\/wp\/v2\/comments?post=899"}],"version-history":[{"count":63,"href":"https:\/\/www.clinicamaxxiodonto.com.br\/novo\/wp-json\/wp\/v2\/pages\/899\/revisions"}],"predecessor-version":[{"id":1837,"href":"https:\/\/www.clinicamaxxiodonto.com.br\/novo\/wp-json\/wp\/v2\/pages\/899\/revisions\/1837"}],"wp:attachment":[{"href":"https:\/\/www.clinicamaxxiodonto.com.br\/novo\/wp-json\/wp\/v2\/media?parent=899"}],"curies":[{"name":"wp","href":"https:\/\/api.w.org\/{rel}","templated":true}]}}